{"id":10007,"date":"2025-12-17T10:00:51","date_gmt":"2025-12-17T09:00:51","guid":{"rendered":"https:\/\/maugojewelry.com\/?post_type=product&#038;p=10007"},"modified":"2025-12-19T15:31:41","modified_gmt":"2025-12-19T14:31:41","slug":"solis-signet-onyx","status":"publish","type":"product","link":"https:\/\/maugojewelry.com\/en\/produkt\/solis-signet-onyx\/","title":{"rendered":"Solis Signet Onyx"},"excerpt":{"rendered":"<p><strong data-start=\"727\" data-end=\"743\">Sygnet SOLIS<\/strong> wykonany ze srebra pr\u00f3by 925 z centralnie osadzonym onyksem. Mi\u0119kka, organiczna forma i polerowana powierzchnia podkre\u015blaj\u0105 ciep\u0142o kamienia oraz ponadczasowy charakter projektu nawi\u0105zuj\u0105cego do stylu vintage.<\/p>\n<p>&nbsp;<\/p>\n<p>MATERIA\u0141: srebro 925<\/p>\n<p>KAMIE\u0143: onyks<\/p>\n<p>WAGA: 4,5 g<\/p>\n<p>WYMIARY: 8\u00d710 mm (kamie\u0144)<\/p>\n<p>&nbsp;<\/p>\n<p>*Produkt zaprojektowany i wykonany w Polsce.<\/p>\n<p>&nbsp;<\/p>\n<p>&nbsp;<\/p>\n","protected":false},"featured_media":10009,"comment_status":"closed","ping_status":"closed","template":"","meta":{"_acf_changed":false},"product_brand":[],"product_cat":[16,2061,17],"product_tag":[],"class_list":{"0":"post-10007","1":"product","2":"type-product","3":"status-publish","4":"has-post-thumbnail","6":"product_cat-all","7":"product_cat-nowosci","8":"product_cat-rings","10":"first","11":"instock","12":"shipping-taxable","13":"purchasable","14":"product-type-variable"},"acf":[],"aioseo_notices":[],"_links":{"self":[{"href":"https:\/\/maugojewelry.com\/en\/wp-json\/wp\/v2\/product\/10007","targetHints":{"allow":["GET"]}}],"collection":[{"href":"https:\/\/maugojewelry.com\/en\/wp-json\/wp\/v2\/product"}],"about":[{"href":"https:\/\/maugojewelry.com\/en\/wp-json\/wp\/v2\/types\/product"}],"replies":[{"embeddable":true,"href":"https:\/\/maugojewelry.com\/en\/wp-json\/wp\/v2\/comments?post=10007"}],"wp:featuredmedia":[{"embeddable":true,"href":"https:\/\/maugojewelry.com\/en\/wp-json\/wp\/v2\/media\/10009"}],"wp:attachment":[{"href":"https:\/\/maugojewelry.com\/en\/wp-json\/wp\/v2\/media?parent=10007"}],"wp:term":[{"taxonomy":"product_brand","embeddable":true,"href":"https:\/\/maugojewelry.com\/en\/wp-json\/wp\/v2\/product_brand?post=10007"},{"taxonomy":"product_cat","embeddable":true,"href":"https:\/\/maugojewelry.com\/en\/wp-json\/wp\/v2\/product_cat?post=10007"},{"taxonomy":"product_tag","embeddable":true,"href":"https:\/\/maugojewelry.com\/en\/wp-json\/wp\/v2\/product_tag?post=10007"}],"curies":[{"name":"wp","href":"https:\/\/api.w.org\/{rel}","templated":true}]}}