{"id":10019,"date":"2025-12-17T10:00:47","date_gmt":"2025-12-17T09:00:47","guid":{"rendered":"https:\/\/maugojewelry.com\/?post_type=product&#038;p=10019"},"modified":"2026-04-23T21:52:06","modified_gmt":"2026-04-23T20:52:06","slug":"solis-signet-perl","status":"publish","type":"product","link":"https:\/\/maugojewelry.com\/en\/produkt\/solis-signet-perl\/","title":{"rendered":"Solis Signet Pearl"},"excerpt":{"rendered":"<p><strong data-start=\"727\" data-end=\"743\">Sygnet SOLIS<\/strong> wykonany ze srebra pr\u00f3by 925 z i mas\u0105 per\u0142ow\u0105.\u00a0 Mi\u0119kka, organiczna forma i polerowana powierzchnia podkre\u015blaj\u0105 ciep\u0142o kamienia oraz ponadczasowy charakter projektu nawi\u0105zuj\u0105cy do stylu vintage.<\/p>\n<p>&nbsp;<\/p>\n<p>MATERIA\u0141: srebro 925<\/p>\n<p>KAMIE\u0143: masa per\u0142owa<\/p>\n<p>WAGA: 4,5 g<\/p>\n<p>WYMIARY: 8\u00d710 mm (kamie\u0144)<\/p>\n<p>&nbsp;<\/p>\n<p>*Produkt zaprojektowany i wykonany w Polsce.<\/p>\n","protected":false},"featured_media":10022,"comment_status":"closed","ping_status":"closed","template":"","meta":{"_acf_changed":false},"product_brand":[],"product_cat":[2061,17,16],"product_tag":[],"class_list":{"0":"post-10019","1":"product","2":"type-product","3":"status-publish","4":"has-post-thumbnail","6":"product_cat-nowosci","7":"product_cat-rings","8":"product_cat-all","10":"first","11":"instock","12":"shipping-taxable","13":"purchasable","14":"product-type-variable"},"acf":[],"aioseo_notices":[],"_links":{"self":[{"href":"https:\/\/maugojewelry.com\/en\/wp-json\/wp\/v2\/product\/10019","targetHints":{"allow":["GET"]}}],"collection":[{"href":"https:\/\/maugojewelry.com\/en\/wp-json\/wp\/v2\/product"}],"about":[{"href":"https:\/\/maugojewelry.com\/en\/wp-json\/wp\/v2\/types\/product"}],"replies":[{"embeddable":true,"href":"https:\/\/maugojewelry.com\/en\/wp-json\/wp\/v2\/comments?post=10019"}],"wp:featuredmedia":[{"embeddable":true,"href":"https:\/\/maugojewelry.com\/en\/wp-json\/wp\/v2\/media\/10022"}],"wp:attachment":[{"href":"https:\/\/maugojewelry.com\/en\/wp-json\/wp\/v2\/media?parent=10019"}],"wp:term":[{"taxonomy":"product_brand","embeddable":true,"href":"https:\/\/maugojewelry.com\/en\/wp-json\/wp\/v2\/product_brand?post=10019"},{"taxonomy":"product_cat","embeddable":true,"href":"https:\/\/maugojewelry.com\/en\/wp-json\/wp\/v2\/product_cat?post=10019"},{"taxonomy":"product_tag","embeddable":true,"href":"https:\/\/maugojewelry.com\/en\/wp-json\/wp\/v2\/product_tag?post=10019"}],"curies":[{"name":"wp","href":"https:\/\/api.w.org\/{rel}","templated":true}]}}