{"id":10050,"date":"2025-12-17T10:00:40","date_gmt":"2025-12-17T09:00:40","guid":{"rendered":"https:\/\/maugojewelry.com\/?post_type=product&#038;p=10050"},"modified":"2025-12-17T06:34:56","modified_gmt":"2025-12-17T05:34:56","slug":"boules-bracelet-cherry","status":"publish","type":"product","link":"https:\/\/maugojewelry.com\/en\/produkt\/boules-bracelet-cherry\/","title":{"rendered":"Boules Bracelet Cherry"},"excerpt":{"rendered":"<p>Bransoletka z\u0142o\u017cona z r\u00f3\u017cnej wielko\u015bci kuleczek wykonanych ze srebra 925 oraz kuli z bursztynu ba\u0142tyckiego w kolorze wi\u015bniowym. Bursztyn jest r\u0119cznie szlifowany w naszej pracowni przez co ka\u017cdy kamie\u0144 jest unikatowy i mo\u017ce r\u00f3\u017cni\u0107 si\u0119 od tego na zdj\u0119ciu.<\/p>\n<p>&nbsp;<\/p>\n<p>MATERIA\u0141: srebro 925<\/p>\n<p>KAMIE\u0143: naturalny bursztyn ba\u0142tycki<\/p>\n<p>D\u0141UGO\u015a\u0106: ~ 18 cm<\/p>\n<p>&nbsp;<\/p>\n<div class=\"uncode_text_column\">\n<p class=\"p1\">*Z uwagi na r\u0119czne wykonanie bransoletki, d\u0142ugo\u015b\u0107 ca\u0142kowita mo\u017ce waha\u0107 si\u0119 o<span class=\"Apple-converted-space\">\u00a0\u00a0<\/span>+\/- 2 cm.<\/p>\n<p>*Na zam\u00f3wienie mo\u017cemy wykona\u0107 dowoln\u0105 d\u0142ugo\u015b\u0107 bransoletki.<\/p>\n<p>*Produkt zaprojektowany i wykonany w Polsce.<\/p>\n<\/div>\n<div class=\"uncode-accordion wpb_accordion wpb_content_element sign-size-rg no-content-border no-title-margin\" data-collapsible=\"no\" data-target=\"\" data-active-tab=\"1\">\n<div id=\"accordion_460248029\" class=\"panel-group wpb_wrapper wpb_accordion_wrapper\" role=\"tablist\" aria-multiselectable=\"true\" data-no-toggle=\"\">\n<div class=\"panel panel-default wpb_accordion_section group no-block-padding active-group\">\n<div class=\"panel-heading wpb_accordion_header ui-accordion-header\" role=\"tab\">\n<p class=\"panel-title active font-weight- text- icon-size-sm\">\n<\/div>\n<\/div>\n<\/div>\n<\/div>\n<p>&nbsp;<\/p>\n","protected":false},"featured_media":10051,"comment_status":"closed","ping_status":"closed","template":"","meta":{"_acf_changed":false},"product_brand":[],"product_cat":[16,2061,19],"product_tag":[],"class_list":{"0":"post-10050","1":"product","2":"type-product","3":"status-publish","4":"has-post-thumbnail","6":"product_cat-all","7":"product_cat-nowosci","8":"product_cat-bracelets","10":"first","11":"instock","12":"shipping-taxable","13":"purchasable","14":"product-type-variable"},"acf":[],"aioseo_notices":[],"_links":{"self":[{"href":"https:\/\/maugojewelry.com\/en\/wp-json\/wp\/v2\/product\/10050","targetHints":{"allow":["GET"]}}],"collection":[{"href":"https:\/\/maugojewelry.com\/en\/wp-json\/wp\/v2\/product"}],"about":[{"href":"https:\/\/maugojewelry.com\/en\/wp-json\/wp\/v2\/types\/product"}],"replies":[{"embeddable":true,"href":"https:\/\/maugojewelry.com\/en\/wp-json\/wp\/v2\/comments?post=10050"}],"wp:featuredmedia":[{"embeddable":true,"href":"https:\/\/maugojewelry.com\/en\/wp-json\/wp\/v2\/media\/10051"}],"wp:attachment":[{"href":"https:\/\/maugojewelry.com\/en\/wp-json\/wp\/v2\/media?parent=10050"}],"wp:term":[{"taxonomy":"product_brand","embeddable":true,"href":"https:\/\/maugojewelry.com\/en\/wp-json\/wp\/v2\/product_brand?post=10050"},{"taxonomy":"product_cat","embeddable":true,"href":"https:\/\/maugojewelry.com\/en\/wp-json\/wp\/v2\/product_cat?post=10050"},{"taxonomy":"product_tag","embeddable":true,"href":"https:\/\/maugojewelry.com\/en\/wp-json\/wp\/v2\/product_tag?post=10050"}],"curies":[{"name":"wp","href":"https:\/\/api.w.org\/{rel}","templated":true}]}}