{"id":10153,"date":"2026-02-03T13:05:10","date_gmt":"2026-02-03T12:05:10","guid":{"rendered":"https:\/\/maugojewelry.com\/?post_type=product&#038;p=10153"},"modified":"2026-03-03T23:30:12","modified_gmt":"2026-03-03T22:30:12","slug":"honey-amber-dome-matte-ring","status":"publish","type":"product","link":"https:\/\/maugojewelry.com\/en\/produkt\/honey-amber-dome-matte-ring\/","title":{"rendered":"Honey Amber D\u00f4me Matte Ring"},"excerpt":{"rendered":"<p>Nowa ods\u0142ona bestsellerowego pier\u015bcionka D\u00f4me w z\u0142oconym srebrze o matowym wyko\u0144czeniu. Pier\u015bcionek\u00a0 Amber Dome z naturalnym bursztynem ba\u0142tyckim w kolorze miodowym. Pier\u015bcionek wykonany jest ze srebra 925 o matowym wyko\u0144czeniu i z\u0142ocony 24-karatowym z\u0142otem w odcieniu w\u0142oskim.<\/p>\n<p>&nbsp;<\/p>\n<p>Surowiec: srebro 925<\/p>\n<p>Kamie\u0144: naturalny bursztyn ba\u0142tycki w kolorze miodowym<\/p>\n<p>Wymiary kamienia: 4mm x 6mm<\/p>\n<p>&nbsp;<\/p>\n<p>*Pier\u015bcionek zaprojektowany i wykonany w Polsce.<\/p>\n","protected":false},"featured_media":10147,"comment_status":"closed","ping_status":"closed","template":"","meta":{"_acf_changed":false},"product_brand":[],"product_cat":[2098,2090],"product_tag":[],"class_list":{"0":"post-10153","1":"product","2":"type-product","3":"status-publish","4":"has-post-thumbnail","6":"product_cat-rings-en","7":"product_cat-bez-kategorii","9":"first","10":"instock","11":"shipping-taxable","12":"purchasable","13":"product-type-variable"},"acf":[],"aioseo_notices":[],"_links":{"self":[{"href":"https:\/\/maugojewelry.com\/en\/wp-json\/wp\/v2\/product\/10153","targetHints":{"allow":["GET"]}}],"collection":[{"href":"https:\/\/maugojewelry.com\/en\/wp-json\/wp\/v2\/product"}],"about":[{"href":"https:\/\/maugojewelry.com\/en\/wp-json\/wp\/v2\/types\/product"}],"replies":[{"embeddable":true,"href":"https:\/\/maugojewelry.com\/en\/wp-json\/wp\/v2\/comments?post=10153"}],"wp:featuredmedia":[{"embeddable":true,"href":"https:\/\/maugojewelry.com\/en\/wp-json\/wp\/v2\/media\/10147"}],"wp:attachment":[{"href":"https:\/\/maugojewelry.com\/en\/wp-json\/wp\/v2\/media?parent=10153"}],"wp:term":[{"taxonomy":"product_brand","embeddable":true,"href":"https:\/\/maugojewelry.com\/en\/wp-json\/wp\/v2\/product_brand?post=10153"},{"taxonomy":"product_cat","embeddable":true,"href":"https:\/\/maugojewelry.com\/en\/wp-json\/wp\/v2\/product_cat?post=10153"},{"taxonomy":"product_tag","embeddable":true,"href":"https:\/\/maugojewelry.com\/en\/wp-json\/wp\/v2\/product_tag?post=10153"}],"curies":[{"name":"wp","href":"https:\/\/api.w.org\/{rel}","templated":true}]}}