{"id":10190,"date":"2026-02-17T11:00:00","date_gmt":"2026-02-17T10:00:00","guid":{"rendered":"https:\/\/maugojewelry.com\/?post_type=product&#038;p=10190"},"modified":"2026-02-17T10:06:47","modified_gmt":"2026-02-17T09:06:47","slug":"ember-necklace","status":"publish","type":"product","link":"https:\/\/maugojewelry.com\/en\/produkt\/ember-necklace\/","title":{"rendered":"Ember Necklace"},"excerpt":{"rendered":"<p style=\"text-align: left;\" data-start=\"230\" data-end=\"688\">Naszyjnik EMBER to rze\u017abiarska forma zamkni\u0119ta w koncentrycznych kr\u0119gach ze srebra pr\u00f3by 925, z centralnie osadzonym, fasetowanym kamieniem naturalnym. Minimalistyczny design inspirowany stylem vintage subtelnie \u0142\u0105czy \u015bwiat\u0142o, struktur\u0119 i g\u0142\u0119bi\u0119 koloru. Delikatnie \u017c\u0142obiona powierzchnia pi\u0119knie odbija \u015bwiat\u0142o, podkre\u015blaj\u0105c charakter i energi\u0119 kamienia. Zawieszony na delikatnym \u0142a\u0144cuszku, w formie ma\u0142ych kuleczek.<\/p>\n<p data-start=\"690\" data-end=\"769\">Dost\u0119pny w wersji ze <strong data-start=\"391\" data-end=\"411\">srebra pr\u00f3by 925<\/strong> lub <strong data-start=\"416\" data-end=\"475\">srebra z\u0142oconego 24-karatowym z\u0142otem w odcieniu w\u0142oskim<\/strong>.<\/p>\n<p data-start=\"690\" data-end=\"769\">MATERIA\u0141: srebro 925<\/p>\n<p data-start=\"690\" data-end=\"769\">KAMIE\u0143: fasetowany granat<\/p>\n<p data-start=\"690\" data-end=\"769\">WAGA: 2,2 g (zawieszka)<\/p>\n<p data-start=\"690\" data-end=\"769\">WYMIARY: 4&#215;6 mm (kamie\u0144), 12&#215;14 (zawieszka)<\/p>\n<p data-start=\"690\" data-end=\"769\">*Produkt zaprojektowany i wykonany w Polsce<\/p>\n","protected":false},"featured_media":10195,"comment_status":"closed","ping_status":"closed","template":"","meta":{"_acf_changed":false},"product_brand":[],"product_cat":[16,2061,20],"product_tag":[],"class_list":{"0":"post-10190","1":"product","2":"type-product","3":"status-publish","4":"has-post-thumbnail","6":"product_cat-all","7":"product_cat-nowosci","8":"product_cat-necklaces","10":"first","11":"instock","12":"shipping-taxable","13":"purchasable","14":"product-type-variable"},"acf":[],"aioseo_notices":[],"_links":{"self":[{"href":"https:\/\/maugojewelry.com\/en\/wp-json\/wp\/v2\/product\/10190","targetHints":{"allow":["GET"]}}],"collection":[{"href":"https:\/\/maugojewelry.com\/en\/wp-json\/wp\/v2\/product"}],"about":[{"href":"https:\/\/maugojewelry.com\/en\/wp-json\/wp\/v2\/types\/product"}],"replies":[{"embeddable":true,"href":"https:\/\/maugojewelry.com\/en\/wp-json\/wp\/v2\/comments?post=10190"}],"wp:featuredmedia":[{"embeddable":true,"href":"https:\/\/maugojewelry.com\/en\/wp-json\/wp\/v2\/media\/10195"}],"wp:attachment":[{"href":"https:\/\/maugojewelry.com\/en\/wp-json\/wp\/v2\/media?parent=10190"}],"wp:term":[{"taxonomy":"product_brand","embeddable":true,"href":"https:\/\/maugojewelry.com\/en\/wp-json\/wp\/v2\/product_brand?post=10190"},{"taxonomy":"product_cat","embeddable":true,"href":"https:\/\/maugojewelry.com\/en\/wp-json\/wp\/v2\/product_cat?post=10190"},{"taxonomy":"product_tag","embeddable":true,"href":"https:\/\/maugojewelry.com\/en\/wp-json\/wp\/v2\/product_tag?post=10190"}],"curies":[{"name":"wp","href":"https:\/\/api.w.org\/{rel}","templated":true}]}}