{"id":10213,"date":"2026-02-17T11:00:07","date_gmt":"2026-02-17T10:00:07","guid":{"rendered":"https:\/\/maugojewelry.com\/?post_type=product&#038;p=10213"},"modified":"2026-02-17T10:05:59","modified_gmt":"2026-02-17T09:05:59","slug":"bovis-necklace","status":"publish","type":"product","link":"https:\/\/maugojewelry.com\/en\/produkt\/bovis-necklace\/","title":{"rendered":"Bovis Necklace"},"excerpt":{"rendered":"<p>Naszyjnik <strong data-start=\"413\" data-end=\"422\">BOVIS<\/strong> to kompozycja naturalnych kamieni bawolego oka o g\u0142\u0119bokim, ciep\u0142ym odcieniu br\u0105zu z subtelnymi refleksami burgundu.<\/p>\n<p data-start=\"640\" data-end=\"812\">Zr\u00f3\u017cnicowana wielko\u015b\u0107 kul tworzy harmonijny rytm i mi\u0119kk\u0105, organiczn\u0105 lini\u0119 wok\u00f3\u0142 szyi. Minimalistyczna forma podkre\u015bla naturalne pi\u0119kno kamienia i jego intensywn\u0105 energi\u0119.<\/p>\n<p data-start=\"814\" data-end=\"947\">Bawole oko symbolizuje stabilno\u015b\u0107, odwag\u0119 i wewn\u0119trzn\u0105 si\u0142\u0119 \u2014 czyni\u0105c model BOVIS bi\u017cuteri\u0105, kt\u00f3ra nie tylko zdobi, ale te\u017c wzmacnia.<\/p>\n<p data-start=\"814\" data-end=\"947\">Zapi\u0119cie wykonane ze srebra pr\u00f3by 925.<\/p>\n<p data-start=\"814\" data-end=\"947\"><strong data-start=\"1026\" data-end=\"1037\">Kamie\u0144:<\/strong> naturalne bawole oko<br data-start=\"1058\" data-end=\"1061\" \/><strong data-start=\"1061\" data-end=\"1074\">Zapi\u0119cie:<\/strong> srebro 925<br data-start=\"1085\" data-end=\"1088\" \/><strong data-start=\"1088\" data-end=\"1104\">Wymiary:<\/strong> \u015brednica kamieni od 4 do 8 mm<br data-start=\"1120\" data-end=\"1123\" \/><strong data-start=\"1123\" data-end=\"1135\">D\u0142ugo\u015b\u0107:<\/strong> ~ 45 cm<\/p>\n<p data-start=\"814\" data-end=\"947\">*Produkt zaprojektowany i wykonany w Polsce.<\/p>\n<p data-start=\"949\" data-end=\"1024\">\n","protected":false},"featured_media":10216,"comment_status":"closed","ping_status":"closed","template":"","meta":{"_acf_changed":false},"product_brand":[],"product_cat":[2108,2097,2090],"product_tag":[],"class_list":{"0":"post-10213","1":"product","2":"type-product","3":"status-publish","4":"has-post-thumbnail","6":"product_cat-necklaces-en","7":"product_cat-nowosci-en","8":"product_cat-bez-kategorii","10":"first","11":"instock","12":"shipping-taxable","13":"purchasable","14":"product-type-variable"},"acf":[],"aioseo_notices":[],"_links":{"self":[{"href":"https:\/\/maugojewelry.com\/en\/wp-json\/wp\/v2\/product\/10213","targetHints":{"allow":["GET"]}}],"collection":[{"href":"https:\/\/maugojewelry.com\/en\/wp-json\/wp\/v2\/product"}],"about":[{"href":"https:\/\/maugojewelry.com\/en\/wp-json\/wp\/v2\/types\/product"}],"replies":[{"embeddable":true,"href":"https:\/\/maugojewelry.com\/en\/wp-json\/wp\/v2\/comments?post=10213"}],"wp:featuredmedia":[{"embeddable":true,"href":"https:\/\/maugojewelry.com\/en\/wp-json\/wp\/v2\/media\/10216"}],"wp:attachment":[{"href":"https:\/\/maugojewelry.com\/en\/wp-json\/wp\/v2\/media?parent=10213"}],"wp:term":[{"taxonomy":"product_brand","embeddable":true,"href":"https:\/\/maugojewelry.com\/en\/wp-json\/wp\/v2\/product_brand?post=10213"},{"taxonomy":"product_cat","embeddable":true,"href":"https:\/\/maugojewelry.com\/en\/wp-json\/wp\/v2\/product_cat?post=10213"},{"taxonomy":"product_tag","embeddable":true,"href":"https:\/\/maugojewelry.com\/en\/wp-json\/wp\/v2\/product_tag?post=10213"}],"curies":[{"name":"wp","href":"https:\/\/api.w.org\/{rel}","templated":true}]}}