{"id":10219,"date":"2026-02-17T11:00:37","date_gmt":"2026-02-17T10:00:37","guid":{"rendered":"https:\/\/maugojewelry.com\/?post_type=product&#038;p=10219"},"modified":"2026-02-17T09:54:29","modified_gmt":"2026-02-17T08:54:29","slug":"nero-necklace","status":"publish","type":"product","link":"https:\/\/maugojewelry.com\/en\/produkt\/nero-necklace\/","title":{"rendered":"Nero Necklace"},"excerpt":{"rendered":"<p>Naszyjnik <strong data-start=\"856\" data-end=\"864\">NERO<\/strong> to minimalistyczna kompozycja naturalnego onyksu o g\u0142\u0119bokiej, aksamitnej czerni. G\u0142adko polerowane kule tworz\u0105 harmonijny rytm i subtelnie odbijaj\u0105 \u015bwiat\u0142o, nadaj\u0105c ca\u0142o\u015bci elegancki, wyrafinowany charakter.<\/p>\n<p>Onyks symbolizuje si\u0142\u0119, koncentracj\u0119 i wewn\u0119trzn\u0105 r\u00f3wnowag\u0119.<\/p>\n<p>Zapinane wykonane ze srebra pr\u00f3by 925.<\/p>\n<p><strong data-start=\"1356\" data-end=\"1367\">Kamie\u0144:<\/strong> naturalny onyks<br data-start=\"1383\" data-end=\"1386\" \/><strong data-start=\"1386\" data-end=\"1399\">Zapi\u0119cie:<\/strong> srebro 925<br data-start=\"1410\" data-end=\"1413\" \/><strong data-start=\"1413\" data-end=\"1429\">Wymiary:<\/strong> wielko\u015b\u0107 kamienia od 4 do 8 mm<br data-start=\"1445\" data-end=\"1448\" \/><strong data-start=\"1448\" data-end=\"1460\">D\u0142ugo\u015b\u0107:<\/strong> ~ 45 cm<\/p>\n<p>&nbsp;<\/p>\n<p>*Produkt zaprojektowany i wykonany w Polsce.<\/p>\n","protected":false},"featured_media":10220,"comment_status":"closed","ping_status":"closed","template":"","meta":{"_acf_changed":false},"product_brand":[],"product_cat":[2108,2097,2090],"product_tag":[],"class_list":{"0":"post-10219","1":"product","2":"type-product","3":"status-publish","4":"has-post-thumbnail","6":"product_cat-necklaces-en","7":"product_cat-nowosci-en","8":"product_cat-bez-kategorii","10":"first","11":"instock","12":"shipping-taxable","13":"purchasable","14":"product-type-variable"},"acf":[],"aioseo_notices":[],"_links":{"self":[{"href":"https:\/\/maugojewelry.com\/en\/wp-json\/wp\/v2\/product\/10219","targetHints":{"allow":["GET"]}}],"collection":[{"href":"https:\/\/maugojewelry.com\/en\/wp-json\/wp\/v2\/product"}],"about":[{"href":"https:\/\/maugojewelry.com\/en\/wp-json\/wp\/v2\/types\/product"}],"replies":[{"embeddable":true,"href":"https:\/\/maugojewelry.com\/en\/wp-json\/wp\/v2\/comments?post=10219"}],"wp:featuredmedia":[{"embeddable":true,"href":"https:\/\/maugojewelry.com\/en\/wp-json\/wp\/v2\/media\/10220"}],"wp:attachment":[{"href":"https:\/\/maugojewelry.com\/en\/wp-json\/wp\/v2\/media?parent=10219"}],"wp:term":[{"taxonomy":"product_brand","embeddable":true,"href":"https:\/\/maugojewelry.com\/en\/wp-json\/wp\/v2\/product_brand?post=10219"},{"taxonomy":"product_cat","embeddable":true,"href":"https:\/\/maugojewelry.com\/en\/wp-json\/wp\/v2\/product_cat?post=10219"},{"taxonomy":"product_tag","embeddable":true,"href":"https:\/\/maugojewelry.com\/en\/wp-json\/wp\/v2\/product_tag?post=10219"}],"curies":[{"name":"wp","href":"https:\/\/api.w.org\/{rel}","templated":true}]}}