{"id":10223,"date":"2026-02-17T11:00:36","date_gmt":"2026-02-17T10:00:36","guid":{"rendered":"https:\/\/maugojewelry.com\/?post_type=product&#038;p=10223"},"modified":"2026-02-17T10:01:53","modified_gmt":"2026-02-17T09:01:53","slug":"tetra-necklace-onyx","status":"publish","type":"product","link":"https:\/\/maugojewelry.com\/en\/produkt\/tetra-necklace-onyx\/","title":{"rendered":"Tetra Necklace Onyx"},"excerpt":{"rendered":"<p data-start=\"550\" data-end=\"799\">Naszyjnik TETRA to minimalistyczna kompozycja oparta na czystej geometrii i r\u00f3wnowadze proporcji. Kwadratowa zawieszka z naturalnego onyksu zosta\u0142a osadzona w prostej ramie, tworz\u0105c form\u0119 o wyra\u017anym, architektonicznym charakterze.<\/p>\n<p data-start=\"550\" data-end=\"799\">Wisior zawieszony jest\u00a0 na subtelnym \u0142a\u0144cuszku ozdobionym drobnymi kuleczkami, kt\u00f3re dodaj\u0105 ca\u0142o\u015bci lekko\u015bci i nowoczesnej elegancji.<\/p>\n<p data-start=\"550\" data-end=\"799\">Dost\u0119pny w wersji ze srebra lub srebra z\u0142oconego 24-karatowym z\u0142otem w odcieniu w\u0142oskim.<\/p>\n<p>MATERIA\u0141: Srebro 925, onyks<\/p>\n<p>WYMIARY: 8 mm x 8 mm<\/p>\n<p>WAGA: 1,6 g (zawieszka)<\/p>\n<p>&nbsp;<\/p>\n<p>*Produkt zaprojektowany i wykonany w Polsce<\/p>\n<p data-start=\"801\" data-end=\"991\">\n","protected":false},"featured_media":10228,"comment_status":"closed","ping_status":"closed","template":"","meta":{"_acf_changed":false},"product_brand":[],"product_cat":[2108,2097,2090],"product_tag":[],"class_list":{"0":"post-10223","1":"product","2":"type-product","3":"status-publish","4":"has-post-thumbnail","6":"product_cat-necklaces-en","7":"product_cat-nowosci-en","8":"product_cat-bez-kategorii","10":"first","11":"instock","12":"shipping-taxable","13":"purchasable","14":"product-type-variable"},"acf":[],"aioseo_notices":[],"_links":{"self":[{"href":"https:\/\/maugojewelry.com\/en\/wp-json\/wp\/v2\/product\/10223","targetHints":{"allow":["GET"]}}],"collection":[{"href":"https:\/\/maugojewelry.com\/en\/wp-json\/wp\/v2\/product"}],"about":[{"href":"https:\/\/maugojewelry.com\/en\/wp-json\/wp\/v2\/types\/product"}],"replies":[{"embeddable":true,"href":"https:\/\/maugojewelry.com\/en\/wp-json\/wp\/v2\/comments?post=10223"}],"wp:featuredmedia":[{"embeddable":true,"href":"https:\/\/maugojewelry.com\/en\/wp-json\/wp\/v2\/media\/10228"}],"wp:attachment":[{"href":"https:\/\/maugojewelry.com\/en\/wp-json\/wp\/v2\/media?parent=10223"}],"wp:term":[{"taxonomy":"product_brand","embeddable":true,"href":"https:\/\/maugojewelry.com\/en\/wp-json\/wp\/v2\/product_brand?post=10223"},{"taxonomy":"product_cat","embeddable":true,"href":"https:\/\/maugojewelry.com\/en\/wp-json\/wp\/v2\/product_cat?post=10223"},{"taxonomy":"product_tag","embeddable":true,"href":"https:\/\/maugojewelry.com\/en\/wp-json\/wp\/v2\/product_tag?post=10223"}],"curies":[{"name":"wp","href":"https:\/\/api.w.org\/{rel}","templated":true}]}}