{"id":10264,"date":"2026-02-17T11:00:45","date_gmt":"2026-02-17T10:00:45","guid":{"rendered":"https:\/\/maugojewelry.com\/?post_type=product&#038;p=10264"},"modified":"2026-02-17T09:52:30","modified_gmt":"2026-02-17T08:52:30","slug":"tetra-earrings-pearl","status":"publish","type":"product","link":"https:\/\/maugojewelry.com\/en\/produkt\/tetra-earrings-pearl\/","title":{"rendered":"Tetra Earrings Pearl"},"excerpt":{"rendered":"<p data-start=\"134\" data-end=\"367\">Tetra Hoop to minimalistyczne kolczyki ko\u0142a z geometryczn\u0105 zawieszk\u0105 w kszta\u0142cie rombu \u2013 charakterystycznym elementem linii TETRA. Po\u0142\u0105czenie klasycznej, okr\u0105g\u0142ej formy z wyra\u017anym, architektonicznym detalem tworzy nowoczesn\u0105 i wywa\u017con\u0105 kompozycj\u0119. Zawieszki mo\u017cna zdejmowa\u0107 i nosi\u0107 same kolczyki ko\u0142a.<\/p>\n<p data-start=\"134\" data-end=\"367\">Dost\u0119pne w wersji ze\u00a0<strong data-start=\"391\" data-end=\"411\">srebra pr\u00f3by 925<\/strong>\u00a0lub\u00a0<strong data-start=\"416\" data-end=\"475\">srebra z\u0142oconego 24-karatowym z\u0142otem w odcieniu w\u0142oskim<\/strong>.<\/p>\n<p data-start=\"568\" data-end=\"702\"><strong data-start=\"568\" data-end=\"581\">Materia\u0142:<\/strong>\u00a0srebro 925<br data-start=\"592\" data-end=\"595\" \/><strong data-start=\"595\" data-end=\"606\">Kamie\u0144:<\/strong> naturalna masa per\u0142owa<br data-start=\"626\" data-end=\"629\" \/><strong data-start=\"629\" data-end=\"642\">Zapi\u0119cie:<\/strong>\u00a0zatrzaskowe<br data-start=\"667\" data-end=\"670\" \/><strong data-start=\"670\" data-end=\"688\">\u015arednica ko\u0142a:<\/strong>\u00a0~ 18 mm<\/p>\n<p data-start=\"568\" data-end=\"702\"><strong>Waga:\u00a0<\/strong>4,5 g (para)<\/p>\n<p data-start=\"704\" data-end=\"749\"><em data-start=\"704\" data-end=\"749\">*Produkt zaprojektowany i wykonany w Polsce.<\/em><\/p>\n","protected":false},"featured_media":10269,"comment_status":"closed","ping_status":"closed","template":"","meta":{"_acf_changed":false},"product_brand":[],"product_cat":[2126,2097,2090],"product_tag":[],"class_list":{"0":"post-10264","1":"product","2":"type-product","3":"status-publish","4":"has-post-thumbnail","6":"product_cat-earrings-en","7":"product_cat-nowosci-en","8":"product_cat-bez-kategorii","10":"first","11":"instock","12":"shipping-taxable","13":"purchasable","14":"product-type-variable"},"acf":[],"aioseo_notices":[],"_links":{"self":[{"href":"https:\/\/maugojewelry.com\/en\/wp-json\/wp\/v2\/product\/10264","targetHints":{"allow":["GET"]}}],"collection":[{"href":"https:\/\/maugojewelry.com\/en\/wp-json\/wp\/v2\/product"}],"about":[{"href":"https:\/\/maugojewelry.com\/en\/wp-json\/wp\/v2\/types\/product"}],"replies":[{"embeddable":true,"href":"https:\/\/maugojewelry.com\/en\/wp-json\/wp\/v2\/comments?post=10264"}],"wp:featuredmedia":[{"embeddable":true,"href":"https:\/\/maugojewelry.com\/en\/wp-json\/wp\/v2\/media\/10269"}],"wp:attachment":[{"href":"https:\/\/maugojewelry.com\/en\/wp-json\/wp\/v2\/media?parent=10264"}],"wp:term":[{"taxonomy":"product_brand","embeddable":true,"href":"https:\/\/maugojewelry.com\/en\/wp-json\/wp\/v2\/product_brand?post=10264"},{"taxonomy":"product_cat","embeddable":true,"href":"https:\/\/maugojewelry.com\/en\/wp-json\/wp\/v2\/product_cat?post=10264"},{"taxonomy":"product_tag","embeddable":true,"href":"https:\/\/maugojewelry.com\/en\/wp-json\/wp\/v2\/product_tag?post=10264"}],"curies":[{"name":"wp","href":"https:\/\/api.w.org\/{rel}","templated":true}]}}