{"id":10271,"date":"2026-02-17T11:00:42","date_gmt":"2026-02-17T10:00:42","guid":{"rendered":"https:\/\/maugojewelry.com\/?post_type=product&#038;p=10271"},"modified":"2026-04-23T21:51:10","modified_gmt":"2026-04-23T20:51:10","slug":"tetra-ring-amber","status":"publish","type":"product","link":"https:\/\/maugojewelry.com\/en\/produkt\/tetra-ring-amber\/","title":{"rendered":"Tetra Ring Onyx"},"excerpt":{"rendered":"<p>Sygnet <strong data-start=\"190\" data-end=\"199\">TETRA<\/strong> to nowoczesna interpretacja klasycznej formy, inspirowana estetyk\u0105 vintage.<\/p>\n<p data-start=\"423\" data-end=\"674\">G\u0142adka tafla czarnego onyksu kontrastuje z ch\u0142odnym po\u0142yskiem srebra, podkre\u015blaj\u0105c geometri\u0119 i proporcj\u0119 projektu. Subtelnie profilowana obr\u0105czka z rytmicznymi \u017c\u0142obieniami nawi\u0105zuje do tradycyjnych detali jubilerskich, nadaj\u0105c bryle g\u0142\u0119bi i struktury.<\/p>\n<p data-start=\"676\" data-end=\"788\">To sygnet o wywa\u017conym charakterze \u2014 \u0142\u0105cz\u0105cy ponadczasow\u0105 elegancj\u0119 stylu vintage z czysto\u015bci\u0105 nowoczesnej formy.<\/p>\n<p data-start=\"676\" data-end=\"788\"><strong data-start=\"790\" data-end=\"803\">Materia\u0142:<\/strong> srebro 925<br data-start=\"814\" data-end=\"817\" \/><strong data-start=\"817\" data-end=\"828\">Kamie\u0144:<\/strong> naturalny onyks<br data-start=\"844\" data-end=\"847\" \/><strong data-start=\"847\" data-end=\"857\">Wymiary:\u00a0<\/strong>8mm x 8 mm<\/p>\n<p data-start=\"676\" data-end=\"788\"><strong>Waga<\/strong>: 4,6 g<\/p>\n<p data-start=\"676\" data-end=\"788\">*Projekt zaprojektowany i wykonany w Polsce<\/p>\n","protected":false},"featured_media":10272,"comment_status":"closed","ping_status":"closed","template":"","meta":{"_acf_changed":false},"product_brand":[],"product_cat":[16,2061,17],"product_tag":[],"class_list":{"0":"post-10271","1":"product","2":"type-product","3":"status-publish","4":"has-post-thumbnail","6":"product_cat-all","7":"product_cat-nowosci","8":"product_cat-rings","10":"first","11":"instock","12":"shipping-taxable","13":"purchasable","14":"product-type-variable"},"acf":[],"aioseo_notices":[],"_links":{"self":[{"href":"https:\/\/maugojewelry.com\/en\/wp-json\/wp\/v2\/product\/10271","targetHints":{"allow":["GET"]}}],"collection":[{"href":"https:\/\/maugojewelry.com\/en\/wp-json\/wp\/v2\/product"}],"about":[{"href":"https:\/\/maugojewelry.com\/en\/wp-json\/wp\/v2\/types\/product"}],"replies":[{"embeddable":true,"href":"https:\/\/maugojewelry.com\/en\/wp-json\/wp\/v2\/comments?post=10271"}],"wp:featuredmedia":[{"embeddable":true,"href":"https:\/\/maugojewelry.com\/en\/wp-json\/wp\/v2\/media\/10272"}],"wp:attachment":[{"href":"https:\/\/maugojewelry.com\/en\/wp-json\/wp\/v2\/media?parent=10271"}],"wp:term":[{"taxonomy":"product_brand","embeddable":true,"href":"https:\/\/maugojewelry.com\/en\/wp-json\/wp\/v2\/product_brand?post=10271"},{"taxonomy":"product_cat","embeddable":true,"href":"https:\/\/maugojewelry.com\/en\/wp-json\/wp\/v2\/product_cat?post=10271"},{"taxonomy":"product_tag","embeddable":true,"href":"https:\/\/maugojewelry.com\/en\/wp-json\/wp\/v2\/product_tag?post=10271"}],"curies":[{"name":"wp","href":"https:\/\/api.w.org\/{rel}","templated":true}]}}