{"id":10283,"date":"2026-02-17T11:00:05","date_gmt":"2026-02-17T10:00:05","guid":{"rendered":"https:\/\/maugojewelry.com\/?post_type=product&#038;p=10283"},"modified":"2026-02-17T10:07:43","modified_gmt":"2026-02-17T09:07:43","slug":"tetra-ring-amber-2","status":"publish","type":"product","link":"https:\/\/maugojewelry.com\/en\/produkt\/tetra-ring-amber-2\/","title":{"rendered":"Tetra Ring Amber"},"excerpt":{"rendered":"<p>Sygnet <strong data-start=\"190\" data-end=\"199\">TETRA<\/strong> to nowoczesna interpretacja klasycznej formy, inspirowana estetyk\u0105 vintage.<\/p>\n<p data-start=\"423\" data-end=\"674\">Naturalny bursztyn ba\u0142tycki o ciep\u0142ym, miodowym odcieniu subtelnie rozprasza \u015bwiat\u0142o, tworz\u0105c mi\u0119kki, \u015bwietlisty efekt. Profilowana obr\u0105czka z rytmicznymi \u017c\u0142obieniami delikatnie nawi\u0105zuje do jubilerskich detali minionych dekad, podkre\u015blaj\u0105c ponadczasowy charakter sygnetu.<\/p>\n<p data-start=\"676\" data-end=\"788\">To sygnet o wywa\u017conym charakterze \u2014 \u0142\u0105cz\u0105cy ponadczasow\u0105 elegancj\u0119 stylu vintage z czysto\u015bci\u0105 nowoczesnej formy.<\/p>\n<p data-start=\"676\" data-end=\"788\"><strong data-start=\"790\" data-end=\"803\">Materia\u0142:<\/strong> srebro 925<br data-start=\"814\" data-end=\"817\" \/><strong data-start=\"817\" data-end=\"828\">Kamie\u0144:<\/strong> naturalny bursztyn ba\u0142tycki<br data-start=\"844\" data-end=\"847\" \/><strong data-start=\"847\" data-end=\"857\">Wymiary:\u00a0<\/strong>8mm x 8 mm<\/p>\n<p data-start=\"676\" data-end=\"788\"><strong>Waga<\/strong>: 4,6 g<\/p>\n<p data-start=\"676\" data-end=\"788\">*Projekt zaprojektowany i wykonany w Polsce<\/p>\n<p data-start=\"676\" data-end=\"788\">*Ka\u017cdy kamie\u0144 bursztynu ba\u0142tyckiego jest inny i mo\u017ce si\u0119 r\u00f3\u017cni\u0107 od tego na zdj\u0119ciu.<\/p>\n","protected":false},"featured_media":10288,"comment_status":"closed","ping_status":"closed","template":"","meta":{"_acf_changed":false},"product_brand":[],"product_cat":[2061,17,16],"product_tag":[],"class_list":{"0":"post-10283","1":"product","2":"type-product","3":"status-publish","4":"has-post-thumbnail","6":"product_cat-nowosci","7":"product_cat-rings","8":"product_cat-all","10":"first","11":"instock","12":"shipping-taxable","13":"purchasable","14":"product-type-variable"},"acf":[],"aioseo_notices":[],"_links":{"self":[{"href":"https:\/\/maugojewelry.com\/en\/wp-json\/wp\/v2\/product\/10283","targetHints":{"allow":["GET"]}}],"collection":[{"href":"https:\/\/maugojewelry.com\/en\/wp-json\/wp\/v2\/product"}],"about":[{"href":"https:\/\/maugojewelry.com\/en\/wp-json\/wp\/v2\/types\/product"}],"replies":[{"embeddable":true,"href":"https:\/\/maugojewelry.com\/en\/wp-json\/wp\/v2\/comments?post=10283"}],"wp:featuredmedia":[{"embeddable":true,"href":"https:\/\/maugojewelry.com\/en\/wp-json\/wp\/v2\/media\/10288"}],"wp:attachment":[{"href":"https:\/\/maugojewelry.com\/en\/wp-json\/wp\/v2\/media?parent=10283"}],"wp:term":[{"taxonomy":"product_brand","embeddable":true,"href":"https:\/\/maugojewelry.com\/en\/wp-json\/wp\/v2\/product_brand?post=10283"},{"taxonomy":"product_cat","embeddable":true,"href":"https:\/\/maugojewelry.com\/en\/wp-json\/wp\/v2\/product_cat?post=10283"},{"taxonomy":"product_tag","embeddable":true,"href":"https:\/\/maugojewelry.com\/en\/wp-json\/wp\/v2\/product_tag?post=10283"}],"curies":[{"name":"wp","href":"https:\/\/api.w.org\/{rel}","templated":true}]}}