{"id":10296,"date":"2026-02-17T11:00:08","date_gmt":"2026-02-17T10:00:08","guid":{"rendered":"https:\/\/maugojewelry.com\/?post_type=product&#038;p=10296"},"modified":"2026-02-23T00:53:06","modified_gmt":"2026-02-22T23:53:06","slug":"tetra-ring-pearl","status":"publish","type":"product","link":"https:\/\/maugojewelry.com\/en\/produkt\/tetra-ring-pearl\/","title":{"rendered":"Tetra Ring Pearl"},"excerpt":{"rendered":"<p data-start=\"423\" data-end=\"674\">Sygnet <strong data-start=\"184\" data-end=\"193\">TETRA<\/strong> z mas\u0105 per\u0142ow\u0105 to wsp\u00f3\u0142czesna interpretacja klasycznej formy inspirowanej stylem vintage.<\/p>\n<p data-start=\"693\" data-end=\"835\">Profilowana obr\u0105czka z rytmicznymi \u017c\u0142obieniami nawi\u0105zuje do jubilerskich detali minionych dekad, podkre\u015blaj\u0105c ponadczasowy charakter projektu.<\/p>\n<p data-start=\"837\" data-end=\"941\">To sygnet elegancki i wywa\u017cony \u2014 \u0142\u0105cz\u0105cy klasyczn\u0105 inspiracj\u0119 z minimalistyczn\u0105, architektoniczn\u0105 form\u0105.<\/p>\n<p data-start=\"676\" data-end=\"788\"><strong data-start=\"790\" data-end=\"803\">Materia\u0142:<\/strong> srebro 925<br data-start=\"814\" data-end=\"817\" \/><strong data-start=\"817\" data-end=\"828\">Kamie\u0144:<\/strong> masa per\u0142owa<br data-start=\"844\" data-end=\"847\" \/><strong data-start=\"847\" data-end=\"857\">Wymiary:\u00a0<\/strong>8mm x 8 mm<\/p>\n<p data-start=\"676\" data-end=\"788\"><strong>Waga<\/strong>: 4,6 g<\/p>\n<p data-start=\"676\" data-end=\"788\">*Projekt zaprojektowany i wykonany w Polsce<\/p>\n","protected":false},"featured_media":10297,"comment_status":"closed","ping_status":"closed","template":"","meta":{"_acf_changed":false},"product_brand":[],"product_cat":[16,2061,17],"product_tag":[],"class_list":{"0":"post-10296","1":"product","2":"type-product","3":"status-publish","4":"has-post-thumbnail","6":"product_cat-all","7":"product_cat-nowosci","8":"product_cat-rings","10":"first","11":"instock","12":"shipping-taxable","13":"purchasable","14":"product-type-variable"},"acf":[],"aioseo_notices":[],"_links":{"self":[{"href":"https:\/\/maugojewelry.com\/en\/wp-json\/wp\/v2\/product\/10296","targetHints":{"allow":["GET"]}}],"collection":[{"href":"https:\/\/maugojewelry.com\/en\/wp-json\/wp\/v2\/product"}],"about":[{"href":"https:\/\/maugojewelry.com\/en\/wp-json\/wp\/v2\/types\/product"}],"replies":[{"embeddable":true,"href":"https:\/\/maugojewelry.com\/en\/wp-json\/wp\/v2\/comments?post=10296"}],"wp:featuredmedia":[{"embeddable":true,"href":"https:\/\/maugojewelry.com\/en\/wp-json\/wp\/v2\/media\/10297"}],"wp:attachment":[{"href":"https:\/\/maugojewelry.com\/en\/wp-json\/wp\/v2\/media?parent=10296"}],"wp:term":[{"taxonomy":"product_brand","embeddable":true,"href":"https:\/\/maugojewelry.com\/en\/wp-json\/wp\/v2\/product_brand?post=10296"},{"taxonomy":"product_cat","embeddable":true,"href":"https:\/\/maugojewelry.com\/en\/wp-json\/wp\/v2\/product_cat?post=10296"},{"taxonomy":"product_tag","embeddable":true,"href":"https:\/\/maugojewelry.com\/en\/wp-json\/wp\/v2\/product_tag?post=10296"}],"curies":[{"name":"wp","href":"https:\/\/api.w.org\/{rel}","templated":true}]}}