{"id":1170,"date":"2021-11-29T17:05:36","date_gmt":"2021-11-29T17:05:36","guid":{"rendered":"https:\/\/maugojewelry.com\/?post_type=product&#038;p=1170"},"modified":"2025-10-01T14:17:01","modified_gmt":"2025-10-01T12:47:01","slug":"opal-stone-ring","status":"publish","type":"product","link":"https:\/\/maugojewelry.com\/en\/produkt\/opal-stone-ring\/","title":{"rendered":"Opal Stone Ring"},"excerpt":{"rendered":"<p>Minimalistyczny pier\u015bcionek z naturalnym opalem wykonany w z\u0142ocie pr\u00f3by 585 (14ct). Ka\u017cdy egzemplarz jest unikatowy.<\/p>\n<p>&nbsp;<\/p>\n<ul>\n<li>Surowiec: \u017c\u00f3\u0142te z\u0142oto 585,\u00a0 naturalny opal australijski<\/li>\n<li>Wymiary: kamie\u0144 ma \u015brednic\u0119 6 mm<\/li>\n<\/ul>\n","protected":false},"featured_media":1172,"comment_status":"open","ping_status":"closed","template":"","meta":{"_acf_changed":false},"product_brand":[],"product_cat":[17,16,2068],"product_tag":[],"class_list":{"0":"post-1170","1":"product","2":"type-product","3":"status-publish","4":"has-post-thumbnail","6":"product_cat-rings","7":"product_cat-all","8":"product_cat-solid-gold","10":"first","11":"instock","12":"shipping-taxable","13":"purchasable","14":"product-type-variable"},"acf":[],"aioseo_notices":[],"_links":{"self":[{"href":"https:\/\/maugojewelry.com\/en\/wp-json\/wp\/v2\/product\/1170","targetHints":{"allow":["GET"]}}],"collection":[{"href":"https:\/\/maugojewelry.com\/en\/wp-json\/wp\/v2\/product"}],"about":[{"href":"https:\/\/maugojewelry.com\/en\/wp-json\/wp\/v2\/types\/product"}],"replies":[{"embeddable":true,"href":"https:\/\/maugojewelry.com\/en\/wp-json\/wp\/v2\/comments?post=1170"}],"wp:featuredmedia":[{"embeddable":true,"href":"https:\/\/maugojewelry.com\/en\/wp-json\/wp\/v2\/media\/1172"}],"wp:attachment":[{"href":"https:\/\/maugojewelry.com\/en\/wp-json\/wp\/v2\/media?parent=1170"}],"wp:term":[{"taxonomy":"product_brand","embeddable":true,"href":"https:\/\/maugojewelry.com\/en\/wp-json\/wp\/v2\/product_brand?post=1170"},{"taxonomy":"product_cat","embeddable":true,"href":"https:\/\/maugojewelry.com\/en\/wp-json\/wp\/v2\/product_cat?post=1170"},{"taxonomy":"product_tag","embeddable":true,"href":"https:\/\/maugojewelry.com\/en\/wp-json\/wp\/v2\/product_tag?post=1170"}],"curies":[{"name":"wp","href":"https:\/\/api.w.org\/{rel}","templated":true}]}}