{"id":358,"date":"2021-03-15T13:48:38","date_gmt":"2021-03-15T13:48:38","guid":{"rendered":"https:\/\/maugojewelry.com\/?post_type=product&#038;p=358"},"modified":"2026-02-23T09:19:25","modified_gmt":"2026-02-23T08:19:25","slug":"pearl-drop-earrings","status":"publish","type":"product","link":"https:\/\/maugojewelry.com\/en\/produkt\/pearl-drop-earrings\/","title":{"rendered":"Pearl Drop Earrings"},"excerpt":{"rendered":"<p>Kolczyki ko\u0142a z zawieszkami z naturalnych pere\u0142 wykonane z \u017c\u00f3\u0142tego z\u0142ota pr\u00f3by 585 (14k).<\/p>\n<h5><\/h5>\n<ul>\n<li>Surowiec: \u017c\u00f3\u0142te z\u0142oto, per\u0142a naturalna<\/li>\n<li>Ko\u0142a maj\u0105 \u015brednic\u0119 15 mm i 1,5 mm grubo\u015bci<\/li>\n<li>Per\u0142a jest d\u0142ugo\u015bci ok. 13 mm i szeroko\u015bci 8 mm<\/li>\n<li>Zawieszki z pere\u0142 mo\u017cna odczepi\u0107 i nosi\u0107 same ko\u0142a<\/li>\n<\/ul>\n<p>&nbsp;<\/p>\n","protected":false},"featured_media":361,"comment_status":"open","ping_status":"closed","template":"","meta":{"_acf_changed":false},"product_brand":[],"product_cat":[2090,2126,2112],"product_tag":[],"class_list":{"0":"post-358","1":"product","2":"type-product","3":"status-publish","4":"has-post-thumbnail","6":"product_cat-bez-kategorii","7":"product_cat-earrings-en","8":"product_cat-solid-gold-en","10":"first","11":"instock","12":"shipping-taxable","13":"purchasable","14":"product-type-simple"},"acf":[],"aioseo_notices":[],"_links":{"self":[{"href":"https:\/\/maugojewelry.com\/en\/wp-json\/wp\/v2\/product\/358","targetHints":{"allow":["GET"]}}],"collection":[{"href":"https:\/\/maugojewelry.com\/en\/wp-json\/wp\/v2\/product"}],"about":[{"href":"https:\/\/maugojewelry.com\/en\/wp-json\/wp\/v2\/types\/product"}],"replies":[{"embeddable":true,"href":"https:\/\/maugojewelry.com\/en\/wp-json\/wp\/v2\/comments?post=358"}],"wp:featuredmedia":[{"embeddable":true,"href":"https:\/\/maugojewelry.com\/en\/wp-json\/wp\/v2\/media\/361"}],"wp:attachment":[{"href":"https:\/\/maugojewelry.com\/en\/wp-json\/wp\/v2\/media?parent=358"}],"wp:term":[{"taxonomy":"product_brand","embeddable":true,"href":"https:\/\/maugojewelry.com\/en\/wp-json\/wp\/v2\/product_brand?post=358"},{"taxonomy":"product_cat","embeddable":true,"href":"https:\/\/maugojewelry.com\/en\/wp-json\/wp\/v2\/product_cat?post=358"},{"taxonomy":"product_tag","embeddable":true,"href":"https:\/\/maugojewelry.com\/en\/wp-json\/wp\/v2\/product_tag?post=358"}],"curies":[{"name":"wp","href":"https:\/\/api.w.org\/{rel}","templated":true}]}}