{"id":409,"date":"2021-03-15T21:05:58","date_gmt":"2021-03-15T21:05:58","guid":{"rendered":"https:\/\/maugojewelry.com\/?post_type=product&#038;p=409"},"modified":"2025-10-01T18:42:37","modified_gmt":"2025-10-01T17:12:37","slug":"barroque-pearl-drop-earrings","status":"publish","type":"product","link":"https:\/\/maugojewelry.com\/en\/produkt\/barroque-pearl-drop-earrings\/","title":{"rendered":"Keshi Pearl Earrings"},"excerpt":{"rendered":"<p>Kolczyki z naturalnymi per\u0142ami Keshi na zawieszce z r\u0119cznie m\u0142otkowanego z\u0142ota (14k).<\/p>\n<p>&nbsp;<\/p>\n<ul>\n<li>Materia\u0142: \u017c\u00f3\u0142te z\u0142oto 585, s\u0142odkowodna per\u0142a keshi<\/li>\n<li>Zawieszka ma \u015brednic\u0119\u00a0 oko\u0142o 5mm<\/li>\n<li>Per\u0142a ma d\u0142ugo\u015b\u0107 15mm i 13 mm grubo\u015bci<\/li>\n<\/ul>\n<p>&nbsp;<\/p>\n<p>Per\u0142y Keshi s\u0105 per\u0142ami naturalnymi i ka\u017cda para pere\u0142 mo\u017ce si\u0119 minimalnie r\u00f3\u017cni\u0107 kolorem, kszta\u0142tem i wielko\u015bci\u0105.<\/p>\n","protected":false},"featured_media":363,"comment_status":"open","ping_status":"closed","template":"","meta":{"_acf_changed":false},"product_brand":[],"product_cat":[18,16,2068],"product_tag":[],"class_list":{"0":"post-409","1":"product","2":"type-product","3":"status-publish","4":"has-post-thumbnail","6":"product_cat-earrings","7":"product_cat-all","8":"product_cat-solid-gold","10":"first","11":"instock","12":"shipping-taxable","13":"purchasable","14":"product-type-simple"},"acf":[],"aioseo_notices":[],"_links":{"self":[{"href":"https:\/\/maugojewelry.com\/en\/wp-json\/wp\/v2\/product\/409","targetHints":{"allow":["GET"]}}],"collection":[{"href":"https:\/\/maugojewelry.com\/en\/wp-json\/wp\/v2\/product"}],"about":[{"href":"https:\/\/maugojewelry.com\/en\/wp-json\/wp\/v2\/types\/product"}],"replies":[{"embeddable":true,"href":"https:\/\/maugojewelry.com\/en\/wp-json\/wp\/v2\/comments?post=409"}],"wp:featuredmedia":[{"embeddable":true,"href":"https:\/\/maugojewelry.com\/en\/wp-json\/wp\/v2\/media\/363"}],"wp:attachment":[{"href":"https:\/\/maugojewelry.com\/en\/wp-json\/wp\/v2\/media?parent=409"}],"wp:term":[{"taxonomy":"product_brand","embeddable":true,"href":"https:\/\/maugojewelry.com\/en\/wp-json\/wp\/v2\/product_brand?post=409"},{"taxonomy":"product_cat","embeddable":true,"href":"https:\/\/maugojewelry.com\/en\/wp-json\/wp\/v2\/product_cat?post=409"},{"taxonomy":"product_tag","embeddable":true,"href":"https:\/\/maugojewelry.com\/en\/wp-json\/wp\/v2\/product_tag?post=409"}],"curies":[{"name":"wp","href":"https:\/\/api.w.org\/{rel}","templated":true}]}}