{"id":411,"date":"2021-03-16T11:28:30","date_gmt":"2021-03-16T11:28:30","guid":{"rendered":"https:\/\/maugojewelry.com\/?post_type=product&#038;p=411"},"modified":"2026-01-21T01:25:13","modified_gmt":"2026-01-21T00:25:13","slug":"amber-drop-earrings","status":"publish","type":"product","link":"https:\/\/maugojewelry.com\/en\/produkt\/amber-drop-earrings\/","title":{"rendered":"Amber Drop Earrings"},"excerpt":{"rendered":"<p>Kolczyki ko\u0142a z zawieszkami z naturalnego bursztynu ba\u0142tyckiego wykonane z \u017c\u00f3\u0142tego z\u0142ota pr\u00f3by 585 (14K). Kolczyki z r\u0119cznie\u00a0 szlifowanym bursztynem ba\u0142tyckim w kolorze cytrynowym.<\/p>\n<p>&nbsp;<\/p>\n<ul>\n<li>Surowiec: \u017c\u00f3\u0142te z\u0142oto, naturalny bursztyn ba\u0142tycki<\/li>\n<li>Ko\u0142a maj\u0105 \u015brednic\u0119 15mm i 1,5mm grubo\u015bci<\/li>\n<li>Kamie\u0144 jest d\u0142ugo\u015bci ok. 15mm i szeroko\u015bci 8mm<\/li>\n<\/ul>\n<p>&nbsp;<\/p>\n<p>&nbsp;<\/p>\n<p>Bursztyn ba\u0142tycki jest kamieniem naturalnym i ka\u017cdy kamie\u0144 mo\u017ce si\u0119 minimalnie r\u00f3\u017cni\u0107 kolorem, kszta\u0142tem i wielko\u015bci\u0105.<\/p>\n","protected":false},"featured_media":368,"comment_status":"open","ping_status":"closed","template":"","meta":{"_acf_changed":false},"product_brand":[],"product_cat":[18,16,2068],"product_tag":[],"class_list":{"0":"post-411","1":"product","2":"type-product","3":"status-publish","4":"has-post-thumbnail","6":"product_cat-earrings","7":"product_cat-all","8":"product_cat-solid-gold","10":"first","11":"instock","12":"shipping-taxable","13":"purchasable","14":"product-type-simple"},"acf":[],"aioseo_notices":[],"_links":{"self":[{"href":"https:\/\/maugojewelry.com\/en\/wp-json\/wp\/v2\/product\/411","targetHints":{"allow":["GET"]}}],"collection":[{"href":"https:\/\/maugojewelry.com\/en\/wp-json\/wp\/v2\/product"}],"about":[{"href":"https:\/\/maugojewelry.com\/en\/wp-json\/wp\/v2\/types\/product"}],"replies":[{"embeddable":true,"href":"https:\/\/maugojewelry.com\/en\/wp-json\/wp\/v2\/comments?post=411"}],"wp:featuredmedia":[{"embeddable":true,"href":"https:\/\/maugojewelry.com\/en\/wp-json\/wp\/v2\/media\/368"}],"wp:attachment":[{"href":"https:\/\/maugojewelry.com\/en\/wp-json\/wp\/v2\/media?parent=411"}],"wp:term":[{"taxonomy":"product_brand","embeddable":true,"href":"https:\/\/maugojewelry.com\/en\/wp-json\/wp\/v2\/product_brand?post=411"},{"taxonomy":"product_cat","embeddable":true,"href":"https:\/\/maugojewelry.com\/en\/wp-json\/wp\/v2\/product_cat?post=411"},{"taxonomy":"product_tag","embeddable":true,"href":"https:\/\/maugojewelry.com\/en\/wp-json\/wp\/v2\/product_tag?post=411"}],"curies":[{"name":"wp","href":"https:\/\/api.w.org\/{rel}","templated":true}]}}