{"id":415,"date":"2021-03-16T16:32:27","date_gmt":"2021-03-16T16:32:27","guid":{"rendered":"https:\/\/maugojewelry.com\/?post_type=product&#038;p=415"},"modified":"2025-10-01T19:07:53","modified_gmt":"2025-10-01T17:37:53","slug":"pearl-earrings","status":"publish","type":"product","link":"https:\/\/maugojewelry.com\/en\/produkt\/pearl-earrings\/","title":{"rendered":"Pearl Bloom Earrings"},"excerpt":{"rendered":"<p>Kolczyki z naturalnymi per\u0142ami na zawieszce z nieregularn\u0105 czapeczk\u0105 wykonane z \u017c\u00f3\u0142tego z\u0142ota pr\u00f3by 585 (14K).<\/p>\n<p>&nbsp;<\/p>\n<ul>\n<li>Materia\u0142: \u017c\u00f3\u0142te z\u0142oto 14k, naturalna per\u0142a s\u0142odkowodna<\/li>\n<li>Per\u0142a ma \u015brednic\u0119 ok. 9mm<\/li>\n<li>D\u0142ugo\u015b\u0107 kolczyka ok. 23mm<\/li>\n<\/ul>\n<p>Ka\u017cda para pere\u0142 mo\u017ce si\u0119 minimalnie r\u00f3\u017cni\u0107 kolorem, kszta\u0142tem i wielko\u015bci\u0105.<\/p>\n<p>&nbsp;<\/p>\n<p>&nbsp;<\/p>\n","protected":false},"featured_media":372,"comment_status":"open","ping_status":"closed","template":"","meta":{"_acf_changed":false},"product_brand":[],"product_cat":[2126,2090,2112],"product_tag":[],"class_list":{"0":"post-415","1":"product","2":"type-product","3":"status-publish","4":"has-post-thumbnail","6":"product_cat-earrings-en","7":"product_cat-bez-kategorii","8":"product_cat-solid-gold-en","10":"first","11":"instock","12":"shipping-taxable","13":"purchasable","14":"product-type-simple"},"acf":[],"aioseo_notices":[],"_links":{"self":[{"href":"https:\/\/maugojewelry.com\/en\/wp-json\/wp\/v2\/product\/415","targetHints":{"allow":["GET"]}}],"collection":[{"href":"https:\/\/maugojewelry.com\/en\/wp-json\/wp\/v2\/product"}],"about":[{"href":"https:\/\/maugojewelry.com\/en\/wp-json\/wp\/v2\/types\/product"}],"replies":[{"embeddable":true,"href":"https:\/\/maugojewelry.com\/en\/wp-json\/wp\/v2\/comments?post=415"}],"wp:featuredmedia":[{"embeddable":true,"href":"https:\/\/maugojewelry.com\/en\/wp-json\/wp\/v2\/media\/372"}],"wp:attachment":[{"href":"https:\/\/maugojewelry.com\/en\/wp-json\/wp\/v2\/media?parent=415"}],"wp:term":[{"taxonomy":"product_brand","embeddable":true,"href":"https:\/\/maugojewelry.com\/en\/wp-json\/wp\/v2\/product_brand?post=415"},{"taxonomy":"product_cat","embeddable":true,"href":"https:\/\/maugojewelry.com\/en\/wp-json\/wp\/v2\/product_cat?post=415"},{"taxonomy":"product_tag","embeddable":true,"href":"https:\/\/maugojewelry.com\/en\/wp-json\/wp\/v2\/product_tag?post=415"}],"curies":[{"name":"wp","href":"https:\/\/api.w.org\/{rel}","templated":true}]}}