{"id":417,"date":"2021-03-16T18:24:49","date_gmt":"2021-03-16T18:24:49","guid":{"rendered":"https:\/\/maugojewelry.com\/?post_type=product&#038;p=417"},"modified":"2026-01-21T01:04:55","modified_gmt":"2026-01-21T00:04:55","slug":"417","status":"publish","type":"product","link":"https:\/\/maugojewelry.com\/en\/produkt\/417\/","title":{"rendered":"Pearl Drop Earrings"},"excerpt":{"rendered":"<p>Kolczyki ko\u0142a z zawieszkami z naturalnych pere\u0142 wykonane z \u017c\u00f3\u0142tego z\u0142ota pr\u00f3by 585 (14K).<\/p>\n<p>&nbsp;<\/p>\n<ul>\n<li>Surowiec: \u017c\u00f3\u0142te z\u0142oto, per\u0142a naturalna<\/li>\n<li>Ko\u0142a maj\u0105 \u015brednic\u0119 15mm i 1,5 mm grubo\u015bci<\/li>\n<li>Per\u0142a ma \u015brednic\u0119 9mm<\/li>\n<li>Zawieszki z pere\u0142 mo\u017cna odczepi\u0107 i nosi\u0107 same ko\u0142a<\/li>\n<\/ul>\n<p>*Ka\u017cda para pere\u0142 mo\u017ce minimalnie r\u00f3\u017cni\u0107 si\u0119 kolorem , kszta\u0142tem i wielko\u015bci\u0105.<\/p>\n<p>*Produkt zaprojektowany i wykonany w Polsce.<\/p>\n","protected":false},"featured_media":365,"comment_status":"open","ping_status":"closed","template":"","meta":{"_acf_changed":false},"product_brand":[],"product_cat":[2090,2126,2112],"product_tag":[],"class_list":{"0":"post-417","1":"product","2":"type-product","3":"status-publish","4":"has-post-thumbnail","6":"product_cat-bez-kategorii","7":"product_cat-earrings-en","8":"product_cat-solid-gold-en","10":"first","11":"instock","12":"shipping-taxable","13":"purchasable","14":"product-type-variable"},"acf":[],"aioseo_notices":[],"_links":{"self":[{"href":"https:\/\/maugojewelry.com\/en\/wp-json\/wp\/v2\/product\/417","targetHints":{"allow":["GET"]}}],"collection":[{"href":"https:\/\/maugojewelry.com\/en\/wp-json\/wp\/v2\/product"}],"about":[{"href":"https:\/\/maugojewelry.com\/en\/wp-json\/wp\/v2\/types\/product"}],"replies":[{"embeddable":true,"href":"https:\/\/maugojewelry.com\/en\/wp-json\/wp\/v2\/comments?post=417"}],"wp:featuredmedia":[{"embeddable":true,"href":"https:\/\/maugojewelry.com\/en\/wp-json\/wp\/v2\/media\/365"}],"wp:attachment":[{"href":"https:\/\/maugojewelry.com\/en\/wp-json\/wp\/v2\/media?parent=417"}],"wp:term":[{"taxonomy":"product_brand","embeddable":true,"href":"https:\/\/maugojewelry.com\/en\/wp-json\/wp\/v2\/product_brand?post=417"},{"taxonomy":"product_cat","embeddable":true,"href":"https:\/\/maugojewelry.com\/en\/wp-json\/wp\/v2\/product_cat?post=417"},{"taxonomy":"product_tag","embeddable":true,"href":"https:\/\/maugojewelry.com\/en\/wp-json\/wp\/v2\/product_tag?post=417"}],"curies":[{"name":"wp","href":"https:\/\/api.w.org\/{rel}","templated":true}]}}