{"id":470,"date":"2021-03-16T20:40:48","date_gmt":"2021-03-16T20:40:48","guid":{"rendered":"https:\/\/maugojewelry.com\/?post_type=product&#038;p=470"},"modified":"2026-04-07T14:28:15","modified_gmt":"2026-04-07T13:28:15","slug":"amber-stud-earrings-2","status":"publish","type":"product","link":"https:\/\/maugojewelry.com\/en\/produkt\/amber-stud-earrings-2\/","title":{"rendered":"Amber Braid Earrings I"},"excerpt":{"rendered":"<p>Kolczyki z kwadratowym kamieniem bursztynu ba\u0142tyckiego oplatane r\u0119cznie z\u0142ot\u0105 lini\u0105. Wykonane r\u0119cznie z \u017c\u00f3\u0142tego z\u0142ota pr\u00f3by 585 (14ct).<\/p>\n<p>&nbsp;<\/p>\n<ul>\n<li>Surowiec: \u017c\u00f3\u0142te z\u0142oto 585, naturalny bursztyn ba\u0142tycki<\/li>\n<li>Wymiar kamienia: 11,3\u00d713,3mm; wymiar kolczyka: 15x13mm<\/li>\n<li>Bursztyn ba\u0142tycki jest kamieniem naturalnym i ka\u017cdy egzemplarz mo\u017ce si\u0119 minimalnie r\u00f3\u017cni\u0107.<\/li>\n<\/ul>\n","protected":false},"featured_media":1036,"comment_status":"open","ping_status":"closed","template":"","meta":{"_acf_changed":false},"product_brand":[],"product_cat":[2090,2126,2112],"product_tag":[],"class_list":{"0":"post-470","1":"product","2":"type-product","3":"status-publish","4":"has-post-thumbnail","6":"product_cat-bez-kategorii","7":"product_cat-earrings-en","8":"product_cat-solid-gold-en","10":"first","11":"instock","12":"shipping-taxable","13":"purchasable","14":"product-type-simple"},"acf":[],"aioseo_notices":[],"_links":{"self":[{"href":"https:\/\/maugojewelry.com\/en\/wp-json\/wp\/v2\/product\/470","targetHints":{"allow":["GET"]}}],"collection":[{"href":"https:\/\/maugojewelry.com\/en\/wp-json\/wp\/v2\/product"}],"about":[{"href":"https:\/\/maugojewelry.com\/en\/wp-json\/wp\/v2\/types\/product"}],"replies":[{"embeddable":true,"href":"https:\/\/maugojewelry.com\/en\/wp-json\/wp\/v2\/comments?post=470"}],"wp:featuredmedia":[{"embeddable":true,"href":"https:\/\/maugojewelry.com\/en\/wp-json\/wp\/v2\/media\/1036"}],"wp:attachment":[{"href":"https:\/\/maugojewelry.com\/en\/wp-json\/wp\/v2\/media?parent=470"}],"wp:term":[{"taxonomy":"product_brand","embeddable":true,"href":"https:\/\/maugojewelry.com\/en\/wp-json\/wp\/v2\/product_brand?post=470"},{"taxonomy":"product_cat","embeddable":true,"href":"https:\/\/maugojewelry.com\/en\/wp-json\/wp\/v2\/product_cat?post=470"},{"taxonomy":"product_tag","embeddable":true,"href":"https:\/\/maugojewelry.com\/en\/wp-json\/wp\/v2\/product_tag?post=470"}],"curies":[{"name":"wp","href":"https:\/\/api.w.org\/{rel}","templated":true}]}}