{"id":472,"date":"2021-03-16T20:50:57","date_gmt":"2021-03-16T20:50:57","guid":{"rendered":"https:\/\/maugojewelry.com\/?post_type=product&#038;p=472"},"modified":"2026-04-07T14:27:11","modified_gmt":"2026-04-07T13:27:11","slug":"classic-hoop-earrings","status":"publish","type":"product","link":"https:\/\/maugojewelry.com\/en\/produkt\/classic-hoop-earrings\/","title":{"rendered":"Classic Hoop Earrings"},"excerpt":{"rendered":"<p>Klasyczne kolczyki ko\u0142a wykonane z \u017c\u00f3\u0142tego z\u0142ota pr\u00f3by 585 (14K), srebra pr\u00f3by 925 lub srebra poz\u0142acanego 18-karatowym z\u0142otem. Kolczyki zapinane s\u0105 na klasyczne baranki, wykonane z tego samego szlachetnego kruszcu.<\/p>\n<p>&nbsp;<\/p>\n<ul>\n<li>Surowiec: \u017c\u00f3\u0142te z\u0142oto 585, srebro 925<\/li>\n<li>Ko\u0142a maj\u0105 ok. 16 mm \u015brednicy i 3mm grubo\u015bci<\/li>\n<li>Sprzedawane jako para<\/li>\n<\/ul>\n<p>&nbsp;<\/p>\n<p>*Produkt zaprojektowany i wykonany w Polsce.<\/p>\n","protected":false},"featured_media":473,"comment_status":"open","ping_status":"closed","template":"","meta":{"_acf_changed":false},"product_brand":[],"product_cat":[2126,2090,2112],"product_tag":[],"class_list":{"0":"post-472","1":"product","2":"type-product","3":"status-publish","4":"has-post-thumbnail","6":"product_cat-earrings-en","7":"product_cat-bez-kategorii","8":"product_cat-solid-gold-en","10":"first","11":"instock","12":"shipping-taxable","13":"purchasable","14":"product-type-variable"},"acf":[],"aioseo_notices":[],"_links":{"self":[{"href":"https:\/\/maugojewelry.com\/en\/wp-json\/wp\/v2\/product\/472","targetHints":{"allow":["GET"]}}],"collection":[{"href":"https:\/\/maugojewelry.com\/en\/wp-json\/wp\/v2\/product"}],"about":[{"href":"https:\/\/maugojewelry.com\/en\/wp-json\/wp\/v2\/types\/product"}],"replies":[{"embeddable":true,"href":"https:\/\/maugojewelry.com\/en\/wp-json\/wp\/v2\/comments?post=472"}],"wp:featuredmedia":[{"embeddable":true,"href":"https:\/\/maugojewelry.com\/en\/wp-json\/wp\/v2\/media\/473"}],"wp:attachment":[{"href":"https:\/\/maugojewelry.com\/en\/wp-json\/wp\/v2\/media?parent=472"}],"wp:term":[{"taxonomy":"product_brand","embeddable":true,"href":"https:\/\/maugojewelry.com\/en\/wp-json\/wp\/v2\/product_brand?post=472"},{"taxonomy":"product_cat","embeddable":true,"href":"https:\/\/maugojewelry.com\/en\/wp-json\/wp\/v2\/product_cat?post=472"},{"taxonomy":"product_tag","embeddable":true,"href":"https:\/\/maugojewelry.com\/en\/wp-json\/wp\/v2\/product_tag?post=472"}],"curies":[{"name":"wp","href":"https:\/\/api.w.org\/{rel}","templated":true}]}}