{"id":480,"date":"2021-03-16T21:11:21","date_gmt":"2021-03-16T21:11:21","guid":{"rendered":"https:\/\/maugojewelry.com\/?post_type=product&#038;p=480"},"modified":"2026-04-07T15:35:31","modified_gmt":"2026-04-07T14:35:31","slug":"amber-ring","status":"publish","type":"product","link":"https:\/\/maugojewelry.com\/en\/produkt\/amber-ring\/","title":{"rendered":"Amber Dots Ring II"},"excerpt":{"rendered":"<p>Wyj\u0105tkowy pier\u015bcionek z r\u0119cznie szlifowanym bursztynem ba\u0142tyckim wykonany w srebrze 925 i poz\u0142acany 23-karatowym z\u0142otem. Pier\u015bcionek mo\u017cna delikatnie regulowa\u0107. Ten model posiada opatentowany przez Nas kszta\u0142t kamieni jubilerskich\u00ae<\/p>\n<p>&nbsp;<\/p>\n<ul>\n<li>Materia\u0142: srebro poz\u0142acane 18-karatowym z\u0142otem<\/li>\n<li>Kamie\u0144: naturalny bursztyn ba\u0142tycki<\/li>\n<li>Wymiary kamienia: 5 mm<\/li>\n<\/ul>\n<p>Kamienie mog\u0105 si\u0119 od siebie r\u00f3\u017cni\u0107.<\/p>\n<p>&nbsp;<\/p>\n<p>Rozmiary:<\/p>\n<p>S: 49-54<\/p>\n<p>M: 55-60<\/p>\n<p>&nbsp;<\/p>\n","protected":false},"featured_media":481,"comment_status":"open","ping_status":"closed","template":"","meta":{"_acf_changed":false},"product_brand":[],"product_cat":[2098,2090],"product_tag":[],"class_list":{"0":"post-480","1":"product","2":"type-product","3":"status-publish","4":"has-post-thumbnail","6":"product_cat-rings-en","7":"product_cat-bez-kategorii","9":"first","10":"instock","11":"shipping-taxable","12":"purchasable","13":"product-type-variable"},"acf":[],"aioseo_notices":[],"_links":{"self":[{"href":"https:\/\/maugojewelry.com\/en\/wp-json\/wp\/v2\/product\/480","targetHints":{"allow":["GET"]}}],"collection":[{"href":"https:\/\/maugojewelry.com\/en\/wp-json\/wp\/v2\/product"}],"about":[{"href":"https:\/\/maugojewelry.com\/en\/wp-json\/wp\/v2\/types\/product"}],"replies":[{"embeddable":true,"href":"https:\/\/maugojewelry.com\/en\/wp-json\/wp\/v2\/comments?post=480"}],"wp:featuredmedia":[{"embeddable":true,"href":"https:\/\/maugojewelry.com\/en\/wp-json\/wp\/v2\/media\/481"}],"wp:attachment":[{"href":"https:\/\/maugojewelry.com\/en\/wp-json\/wp\/v2\/media?parent=480"}],"wp:term":[{"taxonomy":"product_brand","embeddable":true,"href":"https:\/\/maugojewelry.com\/en\/wp-json\/wp\/v2\/product_brand?post=480"},{"taxonomy":"product_cat","embeddable":true,"href":"https:\/\/maugojewelry.com\/en\/wp-json\/wp\/v2\/product_cat?post=480"},{"taxonomy":"product_tag","embeddable":true,"href":"https:\/\/maugojewelry.com\/en\/wp-json\/wp\/v2\/product_tag?post=480"}],"curies":[{"name":"wp","href":"https:\/\/api.w.org\/{rel}","templated":true}]}}