{"id":483,"date":"2021-03-16T21:23:26","date_gmt":"2021-03-16T21:23:26","guid":{"rendered":"https:\/\/maugojewelry.com\/?post_type=product&#038;p=483"},"modified":"2025-01-20T20:30:58","modified_gmt":"2025-01-20T19:00:58","slug":"wave-earrings","status":"publish","type":"product","link":"https:\/\/maugojewelry.com\/en\/produkt\/wave-earrings\/","title":{"rendered":"Wave Hoop Earrings"},"excerpt":{"rendered":"<p>Hoop Earrings handcrafted in an irregular shape in solid 14K gold.<\/p>\n<p>&nbsp;<\/p>\n<ul>\n<li>Material: 14k solid yellow gold<\/li>\n<li>Hoop is 25mm in diameter, 2mm width<\/li>\n<\/ul>\n<p>Ka\u017cdy egzemplarz mo\u017ce minimalnie si\u0119 r\u00f3\u017cni\u0107.<\/p>\n<p>&nbsp;<\/p>\n<p>.<\/p>\n","protected":false},"featured_media":371,"comment_status":"open","ping_status":"closed","template":"","meta":{"_acf_changed":false},"product_brand":[],"product_cat":[2090,2126,2112],"product_tag":[],"class_list":{"0":"post-483","1":"product","2":"type-product","3":"status-publish","4":"has-post-thumbnail","6":"product_cat-bez-kategorii","7":"product_cat-earrings-en","8":"product_cat-solid-gold-en","10":"first","11":"instock","12":"shipping-taxable","13":"purchasable","14":"product-type-variable"},"acf":[],"aioseo_notices":[],"_links":{"self":[{"href":"https:\/\/maugojewelry.com\/en\/wp-json\/wp\/v2\/product\/483","targetHints":{"allow":["GET"]}}],"collection":[{"href":"https:\/\/maugojewelry.com\/en\/wp-json\/wp\/v2\/product"}],"about":[{"href":"https:\/\/maugojewelry.com\/en\/wp-json\/wp\/v2\/types\/product"}],"replies":[{"embeddable":true,"href":"https:\/\/maugojewelry.com\/en\/wp-json\/wp\/v2\/comments?post=483"}],"wp:featuredmedia":[{"embeddable":true,"href":"https:\/\/maugojewelry.com\/en\/wp-json\/wp\/v2\/media\/371"}],"wp:attachment":[{"href":"https:\/\/maugojewelry.com\/en\/wp-json\/wp\/v2\/media?parent=483"}],"wp:term":[{"taxonomy":"product_brand","embeddable":true,"href":"https:\/\/maugojewelry.com\/en\/wp-json\/wp\/v2\/product_brand?post=483"},{"taxonomy":"product_cat","embeddable":true,"href":"https:\/\/maugojewelry.com\/en\/wp-json\/wp\/v2\/product_cat?post=483"},{"taxonomy":"product_tag","embeddable":true,"href":"https:\/\/maugojewelry.com\/en\/wp-json\/wp\/v2\/product_tag?post=483"}],"curies":[{"name":"wp","href":"https:\/\/api.w.org\/{rel}","templated":true}]}}