{"id":490,"date":"2021-03-17T20:39:40","date_gmt":"2021-03-17T20:39:40","guid":{"rendered":"https:\/\/maugojewelry.com\/?post_type=product&#038;p=490"},"modified":"2026-04-07T14:25:33","modified_gmt":"2026-04-07T13:25:33","slug":"vale-earrings","status":"publish","type":"product","link":"https:\/\/maugojewelry.com\/en\/produkt\/vale-earrings\/","title":{"rendered":"Vale Earrings"},"excerpt":{"rendered":"<p>Kolczyki ko\u0142a o wkl\u0119s\u0142ej powierzchni wykonane ze z\u0142ota 585(14K) lub srebra 925. Kolczyki zapinane s\u0105 na klasyczne baranki, wykonane z tego samego szlachetnego kruszcu.<\/p>\n<p>&nbsp;<\/p>\n<ul>\n<li>Materia\u0142: \u017c\u00f3\u0142te z\u0142oto 585\/ srebro 925<\/li>\n<li>Wymiary: \u015brednica kolczyka 16 mm, szeroko\u015b\u0107 od 8 do 4 mm<\/li>\n<li>Sprzedawane jako para<\/li>\n<\/ul>\n<p>&nbsp;<\/p>\n<p>*Produkt zaprojektowany i wykonany w Polsce.<\/p>\n","protected":false},"featured_media":492,"comment_status":"open","ping_status":"closed","template":"","meta":{"_acf_changed":false},"product_brand":[],"product_cat":[2126,2090,2112],"product_tag":[],"class_list":{"0":"post-490","1":"product","2":"type-product","3":"status-publish","4":"has-post-thumbnail","6":"product_cat-earrings-en","7":"product_cat-bez-kategorii","8":"product_cat-solid-gold-en","10":"first","11":"instock","12":"shipping-taxable","13":"purchasable","14":"product-type-variable"},"acf":[],"aioseo_notices":[],"_links":{"self":[{"href":"https:\/\/maugojewelry.com\/en\/wp-json\/wp\/v2\/product\/490","targetHints":{"allow":["GET"]}}],"collection":[{"href":"https:\/\/maugojewelry.com\/en\/wp-json\/wp\/v2\/product"}],"about":[{"href":"https:\/\/maugojewelry.com\/en\/wp-json\/wp\/v2\/types\/product"}],"replies":[{"embeddable":true,"href":"https:\/\/maugojewelry.com\/en\/wp-json\/wp\/v2\/comments?post=490"}],"wp:featuredmedia":[{"embeddable":true,"href":"https:\/\/maugojewelry.com\/en\/wp-json\/wp\/v2\/media\/492"}],"wp:attachment":[{"href":"https:\/\/maugojewelry.com\/en\/wp-json\/wp\/v2\/media?parent=490"}],"wp:term":[{"taxonomy":"product_brand","embeddable":true,"href":"https:\/\/maugojewelry.com\/en\/wp-json\/wp\/v2\/product_brand?post=490"},{"taxonomy":"product_cat","embeddable":true,"href":"https:\/\/maugojewelry.com\/en\/wp-json\/wp\/v2\/product_cat?post=490"},{"taxonomy":"product_tag","embeddable":true,"href":"https:\/\/maugojewelry.com\/en\/wp-json\/wp\/v2\/product_tag?post=490"}],"curies":[{"name":"wp","href":"https:\/\/api.w.org\/{rel}","templated":true}]}}