{"id":493,"date":"2021-03-17T20:54:48","date_gmt":"2021-03-17T20:54:48","guid":{"rendered":"https:\/\/maugojewelry.com\/?post_type=product&#038;p=493"},"modified":"2025-01-20T20:48:08","modified_gmt":"2025-01-20T19:18:08","slug":"mobius-earrings","status":"publish","type":"product","link":"https:\/\/maugojewelry.com\/en\/produkt\/mobius-earrings\/","title":{"rendered":"Mobius Earrings"},"excerpt":{"rendered":"<p>Nieregularne kolczyki o kszta\u0142cie owalu r\u0119cznie m\u0142otkowane. Lekko skr\u0119cane po jednej stronie. Wykonane r\u0119cznie w \u017c\u00f3\u0142tym z\u0142ocie 585 (14K).<\/p>\n<p>Surowiec: z\u0142oto 585<\/p>\n<p>Wymiary: owal, 26-22 mm<\/p>\n<p>Ka\u017cda para mo\u017ce si\u0119 minimalnie r\u00f3\u017cni\u0107.<\/p>\n","protected":false},"featured_media":373,"comment_status":"open","ping_status":"closed","template":"","meta":{"_acf_changed":false},"product_brand":[],"product_cat":[2126,2090,2112],"product_tag":[],"class_list":{"0":"post-493","1":"product","2":"type-product","3":"status-publish","4":"has-post-thumbnail","6":"product_cat-earrings-en","7":"product_cat-bez-kategorii","8":"product_cat-solid-gold-en","10":"first","11":"instock","12":"shipping-taxable","13":"purchasable","14":"product-type-simple"},"acf":[],"aioseo_notices":[],"_links":{"self":[{"href":"https:\/\/maugojewelry.com\/en\/wp-json\/wp\/v2\/product\/493","targetHints":{"allow":["GET"]}}],"collection":[{"href":"https:\/\/maugojewelry.com\/en\/wp-json\/wp\/v2\/product"}],"about":[{"href":"https:\/\/maugojewelry.com\/en\/wp-json\/wp\/v2\/types\/product"}],"replies":[{"embeddable":true,"href":"https:\/\/maugojewelry.com\/en\/wp-json\/wp\/v2\/comments?post=493"}],"wp:featuredmedia":[{"embeddable":true,"href":"https:\/\/maugojewelry.com\/en\/wp-json\/wp\/v2\/media\/373"}],"wp:attachment":[{"href":"https:\/\/maugojewelry.com\/en\/wp-json\/wp\/v2\/media?parent=493"}],"wp:term":[{"taxonomy":"product_brand","embeddable":true,"href":"https:\/\/maugojewelry.com\/en\/wp-json\/wp\/v2\/product_brand?post=493"},{"taxonomy":"product_cat","embeddable":true,"href":"https:\/\/maugojewelry.com\/en\/wp-json\/wp\/v2\/product_cat?post=493"},{"taxonomy":"product_tag","embeddable":true,"href":"https:\/\/maugojewelry.com\/en\/wp-json\/wp\/v2\/product_tag?post=493"}],"curies":[{"name":"wp","href":"https:\/\/api.w.org\/{rel}","templated":true}]}}