{"id":513,"date":"2021-03-18T11:19:10","date_gmt":"2021-03-18T11:19:10","guid":{"rendered":"https:\/\/maugojewelry.com\/?post_type=product&#038;p=513"},"modified":"2025-07-26T20:47:02","modified_gmt":"2025-07-26T19:17:02","slug":"barroque-pearl-necklace","status":"publish","type":"product","link":"https:\/\/maugojewelry.com\/en\/produkt\/barroque-pearl-necklace\/","title":{"rendered":"Baroque Pearl Necklace"},"excerpt":{"rendered":"<p>Naszyjnik wykonany z nieregularnych\u00a0 pere\u0142 barokowych. Posiada r\u0119cznie robiony koralik i ozdobne zapi\u0119cie wykonane ze srebra rodowanego lub srebra poz\u0142acanego 18-karatowym z\u0142otem.<\/p>\n<p>&nbsp;<\/p>\n<ul>\n<li>Surowiec: srebro 925 rodowane lub z\u0142ocone<\/li>\n<li>Kamie\u0144: naturalna per\u0142a barokowa<\/li>\n<li>Per\u0142a ma d\u0142ugo\u015b\u0107 ok. 18 mm i 10 mm grubo\u015bci<\/li>\n<\/ul>\n<p>&nbsp;<\/p>\n<p>Per\u0142y s\u0105 nieregularne, o r\u00f3\u017cnych kszta\u0142tach. Ka\u017cdy naszyjnik jest jedyny w swoim rodzaju i mo\u017ce si\u0119 r\u00f3\u017cni\u0107 od tego na zdj\u0119ciach.<\/p>\n<p>&nbsp;<\/p>\n","protected":false},"featured_media":1034,"comment_status":"open","ping_status":"closed","template":"","meta":{"_acf_changed":false},"product_brand":[],"product_cat":[16,20],"product_tag":[],"class_list":{"0":"post-513","1":"product","2":"type-product","3":"status-publish","4":"has-post-thumbnail","6":"product_cat-all","7":"product_cat-necklaces","9":"first","10":"instock","11":"shipping-taxable","12":"purchasable","13":"product-type-variable"},"acf":[],"aioseo_notices":[],"_links":{"self":[{"href":"https:\/\/maugojewelry.com\/en\/wp-json\/wp\/v2\/product\/513","targetHints":{"allow":["GET"]}}],"collection":[{"href":"https:\/\/maugojewelry.com\/en\/wp-json\/wp\/v2\/product"}],"about":[{"href":"https:\/\/maugojewelry.com\/en\/wp-json\/wp\/v2\/types\/product"}],"replies":[{"embeddable":true,"href":"https:\/\/maugojewelry.com\/en\/wp-json\/wp\/v2\/comments?post=513"}],"wp:featuredmedia":[{"embeddable":true,"href":"https:\/\/maugojewelry.com\/en\/wp-json\/wp\/v2\/media\/1034"}],"wp:attachment":[{"href":"https:\/\/maugojewelry.com\/en\/wp-json\/wp\/v2\/media?parent=513"}],"wp:term":[{"taxonomy":"product_brand","embeddable":true,"href":"https:\/\/maugojewelry.com\/en\/wp-json\/wp\/v2\/product_brand?post=513"},{"taxonomy":"product_cat","embeddable":true,"href":"https:\/\/maugojewelry.com\/en\/wp-json\/wp\/v2\/product_cat?post=513"},{"taxonomy":"product_tag","embeddable":true,"href":"https:\/\/maugojewelry.com\/en\/wp-json\/wp\/v2\/product_tag?post=513"}],"curies":[{"name":"wp","href":"https:\/\/api.w.org\/{rel}","templated":true}]}}