{"id":543,"date":"2021-03-22T13:14:38","date_gmt":"2021-03-22T13:14:38","guid":{"rendered":"https:\/\/maugojewelry.com\/?post_type=product&#038;p=543"},"modified":"2026-04-07T15:36:38","modified_gmt":"2026-04-07T14:36:38","slug":"amber-dots-ring","status":"publish","type":"product","link":"https:\/\/maugojewelry.com\/en\/produkt\/amber-dots-ring\/","title":{"rendered":"Amber Dots Ring I"},"excerpt":{"rendered":"<p>Wyj\u0105tkowy pier\u015bcionek z r\u0119cznie szlifowanym bursztynem ba\u0142tyckim wykonany w z\u0142ocie 585 (14ct) lub srebrze 925. Pier\u015bcionek mo\u017cna delikatnie regulowa\u0107. Ten model posiada opatentowany przez Nas kszta\u0142t kamieni jubilerskich\u00ae<\/p>\n<p>&nbsp;<\/p>\n<ul>\n<li>Materia\u0142: \u017c\u00f3\u0142te z\u0142oto 585\/srebro poz\u0142acane 23-karatowym z\u0142otem<\/li>\n<li>Kamie\u0144: naturalny bursztyn ba\u0142tycki<\/li>\n<li>Wymiary kamienia: 5 mm<\/li>\n<\/ul>\n<p>Kamienie mog\u0105 si\u0119 od siebie r\u00f3\u017cni\u0107.<\/p>\n<p>&nbsp;<\/p>\n<p>&nbsp;<\/p>\n<p>Rozmiary:<\/p>\n<ul>\n<li>S: 9 &#8211; 13<\/li>\n<li>M: 14 &#8211; 16<\/li>\n<li>L: 16 &#8211; 18<\/li>\n<\/ul>\n<p>&nbsp;<\/p>\n","protected":false},"featured_media":544,"comment_status":"open","ping_status":"closed","template":"","meta":{"_acf_changed":false},"product_brand":[],"product_cat":[2098,2090,2112],"product_tag":[],"class_list":{"0":"post-543","1":"product","2":"type-product","3":"status-publish","4":"has-post-thumbnail","6":"product_cat-rings-en","7":"product_cat-bez-kategorii","8":"product_cat-solid-gold-en","10":"first","11":"instock","12":"shipping-taxable","13":"purchasable","14":"product-type-variable","15":"has-default-attributes"},"acf":[],"aioseo_notices":[],"_links":{"self":[{"href":"https:\/\/maugojewelry.com\/en\/wp-json\/wp\/v2\/product\/543","targetHints":{"allow":["GET"]}}],"collection":[{"href":"https:\/\/maugojewelry.com\/en\/wp-json\/wp\/v2\/product"}],"about":[{"href":"https:\/\/maugojewelry.com\/en\/wp-json\/wp\/v2\/types\/product"}],"replies":[{"embeddable":true,"href":"https:\/\/maugojewelry.com\/en\/wp-json\/wp\/v2\/comments?post=543"}],"wp:featuredmedia":[{"embeddable":true,"href":"https:\/\/maugojewelry.com\/en\/wp-json\/wp\/v2\/media\/544"}],"wp:attachment":[{"href":"https:\/\/maugojewelry.com\/en\/wp-json\/wp\/v2\/media?parent=543"}],"wp:term":[{"taxonomy":"product_brand","embeddable":true,"href":"https:\/\/maugojewelry.com\/en\/wp-json\/wp\/v2\/product_brand?post=543"},{"taxonomy":"product_cat","embeddable":true,"href":"https:\/\/maugojewelry.com\/en\/wp-json\/wp\/v2\/product_cat?post=543"},{"taxonomy":"product_tag","embeddable":true,"href":"https:\/\/maugojewelry.com\/en\/wp-json\/wp\/v2\/product_tag?post=543"}],"curies":[{"name":"wp","href":"https:\/\/api.w.org\/{rel}","templated":true}]}}