{"id":557,"date":"2021-03-25T07:55:19","date_gmt":"2021-03-25T07:55:19","guid":{"rendered":"https:\/\/maugojewelry.com\/?post_type=product&#038;p=557"},"modified":"2025-12-17T00:18:09","modified_gmt":"2025-12-16T23:18:09","slug":"pearl-drop-necklace","status":"publish","type":"product","link":"https:\/\/maugojewelry.com\/en\/produkt\/pearl-drop-necklace\/","title":{"rendered":"Pearl Drop Necklace"},"excerpt":{"rendered":"<p>Naszyjnik z zawieszk\u0105 z naturalnych pere\u0142 wykonany z \u017c\u00f3\u0142tego z\u0142ota pr\u00f3by 585 (14k).<\/p>\n<h5><\/h5>\n<ul>\n<li>Surowiec: \u017c\u00f3\u0142te z\u0142oto 585, per\u0142a naturalna<\/li>\n<li>Per\u0142a ma d\u0142ugo\u015b\u0107 ok. 13 mm i szeroko\u015b\u0107 8 mm<\/li>\n<\/ul>\n<p>Ka\u017cda z pere\u0142 jest unikatowa i mo\u017ce r\u00f3\u017cni\u0107 si\u0119 minimalnie kszta\u0142tem i wielko\u015bci\u0105.<\/p>\n<p>Zawieszka nie jest zdejmowana z \u0142a\u0144cuszka.<\/p>\n<p>&nbsp;<\/p>\n","protected":false},"featured_media":527,"comment_status":"open","ping_status":"closed","template":"","meta":{"_acf_changed":false},"product_brand":[],"product_cat":[16,20,2068],"product_tag":[],"class_list":{"0":"post-557","1":"product","2":"type-product","3":"status-publish","4":"has-post-thumbnail","6":"product_cat-all","7":"product_cat-necklaces","8":"product_cat-solid-gold","10":"first","11":"instock","12":"shipping-taxable","13":"purchasable","14":"product-type-variable"},"acf":[],"aioseo_notices":[],"_links":{"self":[{"href":"https:\/\/maugojewelry.com\/en\/wp-json\/wp\/v2\/product\/557","targetHints":{"allow":["GET"]}}],"collection":[{"href":"https:\/\/maugojewelry.com\/en\/wp-json\/wp\/v2\/product"}],"about":[{"href":"https:\/\/maugojewelry.com\/en\/wp-json\/wp\/v2\/types\/product"}],"replies":[{"embeddable":true,"href":"https:\/\/maugojewelry.com\/en\/wp-json\/wp\/v2\/comments?post=557"}],"wp:featuredmedia":[{"embeddable":true,"href":"https:\/\/maugojewelry.com\/en\/wp-json\/wp\/v2\/media\/527"}],"wp:attachment":[{"href":"https:\/\/maugojewelry.com\/en\/wp-json\/wp\/v2\/media?parent=557"}],"wp:term":[{"taxonomy":"product_brand","embeddable":true,"href":"https:\/\/maugojewelry.com\/en\/wp-json\/wp\/v2\/product_brand?post=557"},{"taxonomy":"product_cat","embeddable":true,"href":"https:\/\/maugojewelry.com\/en\/wp-json\/wp\/v2\/product_cat?post=557"},{"taxonomy":"product_tag","embeddable":true,"href":"https:\/\/maugojewelry.com\/en\/wp-json\/wp\/v2\/product_tag?post=557"}],"curies":[{"name":"wp","href":"https:\/\/api.w.org\/{rel}","templated":true}]}}