{"id":559,"date":"2021-03-25T09:11:14","date_gmt":"2021-03-25T09:11:14","guid":{"rendered":"https:\/\/maugojewelry.com\/?post_type=product&#038;p=559"},"modified":"2026-04-07T15:52:33","modified_gmt":"2026-04-07T14:52:33","slug":"inlay-signet-pendant","status":"publish","type":"product","link":"https:\/\/maugojewelry.com\/en\/produkt\/inlay-signet-pendant\/","title":{"rendered":"Signature Signet Necklace I"},"excerpt":{"rendered":"<p>Naszyjnik z owaln\u0105 zawieszk\u0105 z mas\u0105 per\u0142ow\u0105 wykonany z \u017c\u00f3\u0142tego z\u0142ota 585 (14ct), srebra lub srebra poz\u0142acanego 18-karatowym z\u0142otem.<\/p>\n<p>&nbsp;<\/p>\n<ul>\n<li>Materia\u0142: z\u0142oto 585 (14ct.)\/ srebro 925<\/li>\n<li>Kamie\u0144: masa per\u0142owa<\/li>\n<li>Wymiary kamienia: 8&#215;10 mm<\/li>\n<li>Ka\u017cdy egzemplarz mo\u017ce si\u0119 minimalnie r\u00f3\u017cni\u0107<\/li>\n<\/ul>\n<p>&nbsp;<\/p>\n<p><strong>Produkt zaprojektowany i wykonany w Polsce.<\/strong><\/p>\n","protected":false},"featured_media":561,"comment_status":"open","ping_status":"closed","template":"","meta":{"_acf_changed":false},"product_brand":[],"product_cat":[2108,2090,2112],"product_tag":[],"class_list":{"0":"post-559","1":"product","2":"type-product","3":"status-publish","4":"has-post-thumbnail","6":"product_cat-necklaces-en","7":"product_cat-bez-kategorii","8":"product_cat-solid-gold-en","10":"first","11":"instock","12":"shipping-taxable","13":"purchasable","14":"product-type-variable"},"acf":[],"aioseo_notices":[],"_links":{"self":[{"href":"https:\/\/maugojewelry.com\/en\/wp-json\/wp\/v2\/product\/559","targetHints":{"allow":["GET"]}}],"collection":[{"href":"https:\/\/maugojewelry.com\/en\/wp-json\/wp\/v2\/product"}],"about":[{"href":"https:\/\/maugojewelry.com\/en\/wp-json\/wp\/v2\/types\/product"}],"replies":[{"embeddable":true,"href":"https:\/\/maugojewelry.com\/en\/wp-json\/wp\/v2\/comments?post=559"}],"wp:featuredmedia":[{"embeddable":true,"href":"https:\/\/maugojewelry.com\/en\/wp-json\/wp\/v2\/media\/561"}],"wp:attachment":[{"href":"https:\/\/maugojewelry.com\/en\/wp-json\/wp\/v2\/media?parent=559"}],"wp:term":[{"taxonomy":"product_brand","embeddable":true,"href":"https:\/\/maugojewelry.com\/en\/wp-json\/wp\/v2\/product_brand?post=559"},{"taxonomy":"product_cat","embeddable":true,"href":"https:\/\/maugojewelry.com\/en\/wp-json\/wp\/v2\/product_cat?post=559"},{"taxonomy":"product_tag","embeddable":true,"href":"https:\/\/maugojewelry.com\/en\/wp-json\/wp\/v2\/product_tag?post=559"}],"curies":[{"name":"wp","href":"https:\/\/api.w.org\/{rel}","templated":true}]}}