{"id":564,"date":"2021-03-25T09:39:46","date_gmt":"2021-03-25T09:39:46","guid":{"rendered":"https:\/\/maugojewelry.com\/?post_type=product&#038;p=564"},"modified":"2026-01-06T13:15:53","modified_gmt":"2026-01-06T12:15:53","slug":"star-signet-pendant-2","status":"publish","type":"product","link":"https:\/\/maugojewelry.com\/en\/produkt\/star-signet-pendant-2\/","title":{"rendered":"Star Signet Necklace"},"excerpt":{"rendered":"<p>Naszyjnik z zawieszk\u0105 z diamentem 0.015 ct. (1,5mm) wykonany ze z\u0142ota 585 (14ct.). Naszyjnik wykonany jest tradycyjnymi technikami jubilerskimi.<\/p>\n<ul>\n<li>Materia\u0142: \u017c\u00f3\u0142te z\u0142oto 585<\/li>\n<li>Kamie\u0144: brylant 0,015 ct. (1,5mm)<\/li>\n<li>Czysto\u015b\u0107 diamentu: SI1<\/li>\n<li>Wymiary: tarcza zawieszki wynosi 12 mm<\/li>\n<\/ul>\n","protected":false},"featured_media":530,"comment_status":"open","ping_status":"closed","template":"","meta":{"_acf_changed":false},"product_brand":[],"product_cat":[2108,2090,2112],"product_tag":[],"class_list":{"0":"post-564","1":"product","2":"type-product","3":"status-publish","4":"has-post-thumbnail","6":"product_cat-necklaces-en","7":"product_cat-bez-kategorii","8":"product_cat-solid-gold-en","10":"first","11":"instock","12":"shipping-taxable","13":"purchasable","14":"product-type-variable"},"acf":[],"aioseo_notices":[],"_links":{"self":[{"href":"https:\/\/maugojewelry.com\/en\/wp-json\/wp\/v2\/product\/564","targetHints":{"allow":["GET"]}}],"collection":[{"href":"https:\/\/maugojewelry.com\/en\/wp-json\/wp\/v2\/product"}],"about":[{"href":"https:\/\/maugojewelry.com\/en\/wp-json\/wp\/v2\/types\/product"}],"replies":[{"embeddable":true,"href":"https:\/\/maugojewelry.com\/en\/wp-json\/wp\/v2\/comments?post=564"}],"wp:featuredmedia":[{"embeddable":true,"href":"https:\/\/maugojewelry.com\/en\/wp-json\/wp\/v2\/media\/530"}],"wp:attachment":[{"href":"https:\/\/maugojewelry.com\/en\/wp-json\/wp\/v2\/media?parent=564"}],"wp:term":[{"taxonomy":"product_brand","embeddable":true,"href":"https:\/\/maugojewelry.com\/en\/wp-json\/wp\/v2\/product_brand?post=564"},{"taxonomy":"product_cat","embeddable":true,"href":"https:\/\/maugojewelry.com\/en\/wp-json\/wp\/v2\/product_cat?post=564"},{"taxonomy":"product_tag","embeddable":true,"href":"https:\/\/maugojewelry.com\/en\/wp-json\/wp\/v2\/product_tag?post=564"}],"curies":[{"name":"wp","href":"https:\/\/api.w.org\/{rel}","templated":true}]}}