{"id":570,"date":"2021-03-25T17:01:52","date_gmt":"2021-03-25T17:01:52","guid":{"rendered":"https:\/\/maugojewelry.com\/?post_type=product&#038;p=570"},"modified":"2025-12-17T00:13:24","modified_gmt":"2025-12-16T23:13:24","slug":"amber-drop-necklace","status":"publish","type":"product","link":"https:\/\/maugojewelry.com\/en\/produkt\/amber-drop-necklace\/","title":{"rendered":"Amber Drop Necklace"},"excerpt":{"rendered":"<p>Naszyjnik z zawieszk\u0105 z naturalnego bursztynu ba\u0142tyckiego wykonany z \u017c\u00f3\u0142tego z\u0142ota pr\u00f3by 585 (14K). Zawieszka z r\u0119cznie szlifowanym bursztynem ba\u0142tyckim w kolorze cytrynowym.<\/p>\n<p>&nbsp;<\/p>\n<ul>\n<li>Surowiec: \u017c\u00f3\u0142te z\u0142oto, naturalny bursztyn ba\u0142tycki<\/li>\n<li>Kamie\u0144 jest d\u0142ugo\u015bci ok. 15mm i szeroko\u015bci 8mm<\/li>\n<li>Zawieszka nie jest zdejmowana z \u0142a\u0144cuszka<\/li>\n<\/ul>\n<p>&nbsp;<\/p>\n<p>&nbsp;<\/p>\n<p>Bursztyn ba\u0142tycki jest kamieniem naturalnym i ka\u017cdy kamie\u0144 mo\u017ce si\u0119 minimalnie r\u00f3\u017cni\u0107 kolorem, kszta\u0142tem i wielko\u015bci\u0105.<\/p>\n","protected":false},"featured_media":529,"comment_status":"open","ping_status":"closed","template":"","meta":{"_acf_changed":false},"product_brand":[],"product_cat":[16,20,2068],"product_tag":[],"class_list":{"0":"post-570","1":"product","2":"type-product","3":"status-publish","4":"has-post-thumbnail","6":"product_cat-all","7":"product_cat-necklaces","8":"product_cat-solid-gold","10":"first","11":"instock","12":"shipping-taxable","13":"purchasable","14":"product-type-variable"},"acf":[],"aioseo_notices":[],"_links":{"self":[{"href":"https:\/\/maugojewelry.com\/en\/wp-json\/wp\/v2\/product\/570","targetHints":{"allow":["GET"]}}],"collection":[{"href":"https:\/\/maugojewelry.com\/en\/wp-json\/wp\/v2\/product"}],"about":[{"href":"https:\/\/maugojewelry.com\/en\/wp-json\/wp\/v2\/types\/product"}],"replies":[{"embeddable":true,"href":"https:\/\/maugojewelry.com\/en\/wp-json\/wp\/v2\/comments?post=570"}],"wp:featuredmedia":[{"embeddable":true,"href":"https:\/\/maugojewelry.com\/en\/wp-json\/wp\/v2\/media\/529"}],"wp:attachment":[{"href":"https:\/\/maugojewelry.com\/en\/wp-json\/wp\/v2\/media?parent=570"}],"wp:term":[{"taxonomy":"product_brand","embeddable":true,"href":"https:\/\/maugojewelry.com\/en\/wp-json\/wp\/v2\/product_brand?post=570"},{"taxonomy":"product_cat","embeddable":true,"href":"https:\/\/maugojewelry.com\/en\/wp-json\/wp\/v2\/product_cat?post=570"},{"taxonomy":"product_tag","embeddable":true,"href":"https:\/\/maugojewelry.com\/en\/wp-json\/wp\/v2\/product_tag?post=570"}],"curies":[{"name":"wp","href":"https:\/\/api.w.org\/{rel}","templated":true}]}}