{"id":573,"date":"2021-03-25T19:24:19","date_gmt":"2021-03-25T19:24:19","guid":{"rendered":"https:\/\/maugojewelry.com\/?post_type=product&#038;p=573"},"modified":"2025-11-16T23:33:11","modified_gmt":"2025-11-16T22:33:11","slug":"twirl-chain-necklace","status":"publish","type":"product","link":"https:\/\/maugojewelry.com\/en\/produkt\/twirl-chain-necklace\/","title":{"rendered":"Twirl Chain Necklace"},"excerpt":{"rendered":"<p>Wyj\u0105tkowy naszyjnik o unikatowym splocie i autorskim zapi\u0119ciu wykonany ze srebra poz\u0142acanego 18- karatowym z\u0142otem. Dost\u0119pny w dw\u00f3ch rozmiarach.<\/p>\n<p>&nbsp;<\/p>\n<ul>\n<li>Materia\u0142: srebro 925, 18-karatowe z\u0142ocenie<\/li>\n<li>Wymiary: \u015brednica ogniwa wynosi ok. 15mm<\/li>\n<\/ul>\n<p>&nbsp;<\/p>\n<p>Ten model dost\u0119pny jest r\u00f3wnie\u017c w \u017c\u00f3\u0142tym z\u0142ocie 585 (14ct.) na specjalne zam\u00f3wienie.<\/p>\n<p>Prosimy o kontakt na\u00a0<a href=\"https:\/\/maugojewelry.com\/pl\/product\/618\/info@maugojewelry.com\">info@maugojewelry.com\u00a0 \u00a0<\/a><\/p>\n<p>Czas realizacji zam\u00f3wienia naszyjnika w z\u0142ocie wynosi oko\u0142o 4 tygodnie.<\/p>\n","protected":false},"featured_media":608,"comment_status":"open","ping_status":"closed","template":"","meta":{"_acf_changed":false},"product_brand":[],"product_cat":[16,20],"product_tag":[],"class_list":{"0":"post-573","1":"product","2":"type-product","3":"status-publish","4":"has-post-thumbnail","6":"product_cat-all","7":"product_cat-necklaces","9":"first","10":"instock","11":"shipping-taxable","12":"purchasable","13":"product-type-variable"},"acf":[],"aioseo_notices":[],"_links":{"self":[{"href":"https:\/\/maugojewelry.com\/en\/wp-json\/wp\/v2\/product\/573","targetHints":{"allow":["GET"]}}],"collection":[{"href":"https:\/\/maugojewelry.com\/en\/wp-json\/wp\/v2\/product"}],"about":[{"href":"https:\/\/maugojewelry.com\/en\/wp-json\/wp\/v2\/types\/product"}],"replies":[{"embeddable":true,"href":"https:\/\/maugojewelry.com\/en\/wp-json\/wp\/v2\/comments?post=573"}],"wp:featuredmedia":[{"embeddable":true,"href":"https:\/\/maugojewelry.com\/en\/wp-json\/wp\/v2\/media\/608"}],"wp:attachment":[{"href":"https:\/\/maugojewelry.com\/en\/wp-json\/wp\/v2\/media?parent=573"}],"wp:term":[{"taxonomy":"product_brand","embeddable":true,"href":"https:\/\/maugojewelry.com\/en\/wp-json\/wp\/v2\/product_brand?post=573"},{"taxonomy":"product_cat","embeddable":true,"href":"https:\/\/maugojewelry.com\/en\/wp-json\/wp\/v2\/product_cat?post=573"},{"taxonomy":"product_tag","embeddable":true,"href":"https:\/\/maugojewelry.com\/en\/wp-json\/wp\/v2\/product_tag?post=573"}],"curies":[{"name":"wp","href":"https:\/\/api.w.org\/{rel}","templated":true}]}}