{"id":609,"date":"2021-03-25T20:22:56","date_gmt":"2021-03-25T20:22:56","guid":{"rendered":"https:\/\/maugojewelry.com\/?post_type=product&#038;p=609"},"modified":"2025-07-27T12:46:12","modified_gmt":"2025-07-27T11:16:12","slug":"keshi-pearl-necklace","status":"publish","type":"product","link":"https:\/\/maugojewelry.com\/en\/produkt\/keshi-pearl-necklace\/","title":{"rendered":"Keshi Pearl Necklace"},"excerpt":{"rendered":"<div class=\"product-images-wrap owl-carousel\" data-pswp-uid=\"1\">\n<figure class=\"product-images-item item\">Naszyjnik wykonany z naturalnych pere\u0142 keshi. Posiada r\u0119cznie wykonany koralik i ozdobne zapi\u0119cie z rodowanego srebra 925.<\/p>\n<ul>\n<li>Surowiec: srebro 925 rodowane<\/li>\n<li>Kamie\u0144: naturalna per\u0142a barokowa<\/li>\n<li>Per\u0142y maj\u0105 d\u0142ugo\u015b\u0107 ok. 20 mm i 12 mm szeroko\u015bci.<\/li>\n<\/ul>\n<p>&nbsp;<\/p>\n<p>Per\u0142y s\u0105 nieregularne, o r\u00f3\u017cnych kszta\u0142tach. Ka\u017cdy naszyjnik jest jedyny w swoim rodzaju i mo\u017ce si\u0119 r\u00f3\u017cni\u0107 od tego na zdj\u0119ciach.<\/figure>\n<figure class=\"product-images-item item\"><\/figure>\n<figure class=\"product-images-item item\"><\/figure>\n<\/div>\n","protected":false},"featured_media":533,"comment_status":"open","ping_status":"closed","template":"","meta":{"_acf_changed":false},"product_brand":[],"product_cat":[16,20],"product_tag":[],"class_list":{"0":"post-609","1":"product","2":"type-product","3":"status-publish","4":"has-post-thumbnail","6":"product_cat-all","7":"product_cat-necklaces","9":"first","10":"instock","11":"shipping-taxable","12":"purchasable","13":"product-type-variable"},"acf":[],"aioseo_notices":[],"_links":{"self":[{"href":"https:\/\/maugojewelry.com\/en\/wp-json\/wp\/v2\/product\/609","targetHints":{"allow":["GET"]}}],"collection":[{"href":"https:\/\/maugojewelry.com\/en\/wp-json\/wp\/v2\/product"}],"about":[{"href":"https:\/\/maugojewelry.com\/en\/wp-json\/wp\/v2\/types\/product"}],"replies":[{"embeddable":true,"href":"https:\/\/maugojewelry.com\/en\/wp-json\/wp\/v2\/comments?post=609"}],"wp:featuredmedia":[{"embeddable":true,"href":"https:\/\/maugojewelry.com\/en\/wp-json\/wp\/v2\/media\/533"}],"wp:attachment":[{"href":"https:\/\/maugojewelry.com\/en\/wp-json\/wp\/v2\/media?parent=609"}],"wp:term":[{"taxonomy":"product_brand","embeddable":true,"href":"https:\/\/maugojewelry.com\/en\/wp-json\/wp\/v2\/product_brand?post=609"},{"taxonomy":"product_cat","embeddable":true,"href":"https:\/\/maugojewelry.com\/en\/wp-json\/wp\/v2\/product_cat?post=609"},{"taxonomy":"product_tag","embeddable":true,"href":"https:\/\/maugojewelry.com\/en\/wp-json\/wp\/v2\/product_tag?post=609"}],"curies":[{"name":"wp","href":"https:\/\/api.w.org\/{rel}","templated":true}]}}