{"id":610,"date":"2021-03-25T20:29:15","date_gmt":"2021-03-25T20:29:15","guid":{"rendered":"https:\/\/maugojewelry.com\/?post_type=product&#038;p=610"},"modified":"2025-12-17T00:16:17","modified_gmt":"2025-12-16T23:16:17","slug":"pearl-necklace","status":"publish","type":"product","link":"https:\/\/maugojewelry.com\/en\/produkt\/pearl-necklace\/","title":{"rendered":"Pearl Charm Necklace"},"excerpt":{"rendered":"<p>Naszyjnik z naturaln\u0105 per\u0142\u0105 howowan\u0105 zawieszony na czapeczce o nieregularnym kszta\u0142cie wykonany z \u017c\u00f3\u0142tego z\u0142ota pr\u00f3by 585 (14K) lub srebra 925 z\u0142oconego 1 mikronem 18 karatowego z\u0142ota.<\/p>\n<p>&nbsp;<\/p>\n<ul>\n<li>Surowiec: \u017c\u00f3\u0142te z\u0142oto 585\/srebro 925<\/li>\n<li>Kamie\u0144: naturalna per\u0142a hodowana<\/li>\n<li>Per\u0142a ma \u015brednic\u0119 9mm<\/li>\n<li>Zawieszka nie jest zdejmowana z \u0142a\u0144cuszka<\/li>\n<\/ul>\n<p>&nbsp;<\/p>\n","protected":false},"featured_media":528,"comment_status":"open","ping_status":"closed","template":"","meta":{"_acf_changed":false},"product_brand":[],"product_cat":[16,20,2068],"product_tag":[],"class_list":{"0":"post-610","1":"product","2":"type-product","3":"status-publish","4":"has-post-thumbnail","6":"product_cat-all","7":"product_cat-necklaces","8":"product_cat-solid-gold","10":"first","11":"instock","12":"shipping-taxable","13":"purchasable","14":"product-type-variable"},"acf":[],"aioseo_notices":[],"_links":{"self":[{"href":"https:\/\/maugojewelry.com\/en\/wp-json\/wp\/v2\/product\/610","targetHints":{"allow":["GET"]}}],"collection":[{"href":"https:\/\/maugojewelry.com\/en\/wp-json\/wp\/v2\/product"}],"about":[{"href":"https:\/\/maugojewelry.com\/en\/wp-json\/wp\/v2\/types\/product"}],"replies":[{"embeddable":true,"href":"https:\/\/maugojewelry.com\/en\/wp-json\/wp\/v2\/comments?post=610"}],"wp:featuredmedia":[{"embeddable":true,"href":"https:\/\/maugojewelry.com\/en\/wp-json\/wp\/v2\/media\/528"}],"wp:attachment":[{"href":"https:\/\/maugojewelry.com\/en\/wp-json\/wp\/v2\/media?parent=610"}],"wp:term":[{"taxonomy":"product_brand","embeddable":true,"href":"https:\/\/maugojewelry.com\/en\/wp-json\/wp\/v2\/product_brand?post=610"},{"taxonomy":"product_cat","embeddable":true,"href":"https:\/\/maugojewelry.com\/en\/wp-json\/wp\/v2\/product_cat?post=610"},{"taxonomy":"product_tag","embeddable":true,"href":"https:\/\/maugojewelry.com\/en\/wp-json\/wp\/v2\/product_tag?post=610"}],"curies":[{"name":"wp","href":"https:\/\/api.w.org\/{rel}","templated":true}]}}