{"id":614,"date":"2021-03-25T20:48:19","date_gmt":"2021-03-25T20:48:19","guid":{"rendered":"https:\/\/maugojewelry.com\/?post_type=product&#038;p=614"},"modified":"2026-01-07T12:45:21","modified_gmt":"2026-01-07T11:45:21","slug":"wave-necklace","status":"publish","type":"product","link":"https:\/\/maugojewelry.com\/en\/produkt\/wave-necklace\/","title":{"rendered":"Wave Necklace"},"excerpt":{"rendered":"<p>Z\u0142oty naszyjnik z okr\u0105g\u0142\u0105 zawieszk\u0105 o nieregularnym kszta\u0142cie wykonany r\u0119cznie w \u017c\u00f3\u0142tym z\u0142ocie 585 (14ct).<\/p>\n<p>&nbsp;<\/p>\n<ul>\n<li>Materia\u0142: \u017c\u00f3\u0142te z\u0142oto 585<\/li>\n<li>Zawieszka ma \u015brednic\u0119 ok. 25 mm<\/li>\n<li>Ka\u017cdy egzemplarz mo\u017ce si\u0119 minimalnie r\u00f3\u017cni\u0107<\/li>\n<\/ul>\n","protected":false},"featured_media":525,"comment_status":"open","ping_status":"closed","template":"","meta":{"_acf_changed":false},"product_brand":[],"product_cat":[2090,2108,2112],"product_tag":[],"class_list":{"0":"post-614","1":"product","2":"type-product","3":"status-publish","4":"has-post-thumbnail","6":"product_cat-bez-kategorii","7":"product_cat-necklaces-en","8":"product_cat-solid-gold-en","10":"first","11":"instock","12":"shipping-taxable","13":"purchasable","14":"product-type-variable"},"acf":[],"aioseo_notices":[],"_links":{"self":[{"href":"https:\/\/maugojewelry.com\/en\/wp-json\/wp\/v2\/product\/614","targetHints":{"allow":["GET"]}}],"collection":[{"href":"https:\/\/maugojewelry.com\/en\/wp-json\/wp\/v2\/product"}],"about":[{"href":"https:\/\/maugojewelry.com\/en\/wp-json\/wp\/v2\/types\/product"}],"replies":[{"embeddable":true,"href":"https:\/\/maugojewelry.com\/en\/wp-json\/wp\/v2\/comments?post=614"}],"wp:featuredmedia":[{"embeddable":true,"href":"https:\/\/maugojewelry.com\/en\/wp-json\/wp\/v2\/media\/525"}],"wp:attachment":[{"href":"https:\/\/maugojewelry.com\/en\/wp-json\/wp\/v2\/media?parent=614"}],"wp:term":[{"taxonomy":"product_brand","embeddable":true,"href":"https:\/\/maugojewelry.com\/en\/wp-json\/wp\/v2\/product_brand?post=614"},{"taxonomy":"product_cat","embeddable":true,"href":"https:\/\/maugojewelry.com\/en\/wp-json\/wp\/v2\/product_cat?post=614"},{"taxonomy":"product_tag","embeddable":true,"href":"https:\/\/maugojewelry.com\/en\/wp-json\/wp\/v2\/product_tag?post=614"}],"curies":[{"name":"wp","href":"https:\/\/api.w.org\/{rel}","templated":true}]}}