{"id":615,"date":"2021-03-25T20:51:42","date_gmt":"2021-03-25T20:51:42","guid":{"rendered":"https:\/\/maugojewelry.com\/?post_type=product&#038;p=615"},"modified":"2026-01-07T12:43:52","modified_gmt":"2026-01-07T11:43:52","slug":"mobius-necklace","status":"publish","type":"product","link":"https:\/\/maugojewelry.com\/en\/produkt\/mobius-necklace\/","title":{"rendered":"Mobius Necklace"},"excerpt":{"rendered":"<p>Wyj\u0105tkowy naszyjnik z r\u0119cznie m\u0142otkowan\u0105 zawieszk\u0105 o nieregularnym kszta\u0142cie. Ca\u0142o\u015b\u0107 zosta\u0142a wykonana r\u0119cznie z \u017c\u00f3\u0142tego z\u0142ota 585 (14ct.).<\/p>\n<p>&nbsp;<\/p>\n<ul>\n<li>Materia\u0142:\u00a0 \u017c\u00f3\u0142te z\u0142oto 585<\/li>\n<li>Wymiary: zawieszka ma ok. 20 mm<\/li>\n<li>Ka\u017cdy egzemplarz mo\u017ce si\u0119 minimalnie r\u00f3\u017cni\u0107<\/li>\n<\/ul>\n","protected":false},"featured_media":523,"comment_status":"open","ping_status":"closed","template":"","meta":{"_acf_changed":false},"product_brand":[],"product_cat":[2090,2108,2112],"product_tag":[],"class_list":{"0":"post-615","1":"product","2":"type-product","3":"status-publish","4":"has-post-thumbnail","6":"product_cat-bez-kategorii","7":"product_cat-necklaces-en","8":"product_cat-solid-gold-en","10":"first","11":"instock","12":"shipping-taxable","13":"purchasable","14":"product-type-variable"},"acf":[],"aioseo_notices":[],"_links":{"self":[{"href":"https:\/\/maugojewelry.com\/en\/wp-json\/wp\/v2\/product\/615","targetHints":{"allow":["GET"]}}],"collection":[{"href":"https:\/\/maugojewelry.com\/en\/wp-json\/wp\/v2\/product"}],"about":[{"href":"https:\/\/maugojewelry.com\/en\/wp-json\/wp\/v2\/types\/product"}],"replies":[{"embeddable":true,"href":"https:\/\/maugojewelry.com\/en\/wp-json\/wp\/v2\/comments?post=615"}],"wp:featuredmedia":[{"embeddable":true,"href":"https:\/\/maugojewelry.com\/en\/wp-json\/wp\/v2\/media\/523"}],"wp:attachment":[{"href":"https:\/\/maugojewelry.com\/en\/wp-json\/wp\/v2\/media?parent=615"}],"wp:term":[{"taxonomy":"product_brand","embeddable":true,"href":"https:\/\/maugojewelry.com\/en\/wp-json\/wp\/v2\/product_brand?post=615"},{"taxonomy":"product_cat","embeddable":true,"href":"https:\/\/maugojewelry.com\/en\/wp-json\/wp\/v2\/product_cat?post=615"},{"taxonomy":"product_tag","embeddable":true,"href":"https:\/\/maugojewelry.com\/en\/wp-json\/wp\/v2\/product_tag?post=615"}],"curies":[{"name":"wp","href":"https:\/\/api.w.org\/{rel}","templated":true}]}}