{"id":618,"date":"2021-03-25T20:58:36","date_gmt":"2021-03-25T20:58:36","guid":{"rendered":"https:\/\/maugojewelry.com\/?post_type=product&#038;p=618"},"modified":"2026-01-22T05:25:55","modified_gmt":"2026-01-22T04:25:55","slug":"618","status":"publish","type":"product","link":"https:\/\/maugojewelry.com\/en\/produkt\/618\/","title":{"rendered":"Twirl Bracelet"},"excerpt":{"rendered":"<p>Wyj\u0105tkowa branzoleta o unikatowym splocie i autorskim zapi\u0119ciu wykonana ze srebra poz\u0142acanego 18- karatowym z\u0142otem. Dost\u0119pna w trzech rozmiarach.<\/p>\n<ul>\n<li>Materia\u0142: srebro 925, 18-karatowe z\u0142ocenie<\/li>\n<li>Wymiary: \u015brednica ogniwa wynosi ok. 15mm<\/li>\n<\/ul>\n<p>&nbsp;<\/p>\n<p>Ten model dost\u0119pny jest r\u00f3wnie\u017c w \u017c\u00f3\u0142tym z\u0142ocie 585 (14ct.) na specjalne zam\u00f3wienie. Prosimy o kontakt na\u00a0<a href=\"info@maugojewelry.com\">info@maugojewelry.com\u00a0 \u00a0<\/a><\/p>\n<p>Czas realizacji zam\u00f3wienia branzolety w z\u0142ocie wynosi oko\u0142o 4 tygodnie.<\/p>\n","protected":false},"featured_media":597,"comment_status":"open","ping_status":"closed","template":"","meta":{"_acf_changed":false},"product_brand":[],"product_cat":[19,2090],"product_tag":[],"class_list":{"0":"post-618","1":"product","2":"type-product","3":"status-publish","4":"has-post-thumbnail","6":"product_cat-bracelets","7":"product_cat-bez-kategorii","9":"first","10":"instock","11":"shipping-taxable","12":"purchasable","13":"product-type-variable","14":"has-default-attributes"},"acf":[],"aioseo_notices":[],"_links":{"self":[{"href":"https:\/\/maugojewelry.com\/en\/wp-json\/wp\/v2\/product\/618","targetHints":{"allow":["GET"]}}],"collection":[{"href":"https:\/\/maugojewelry.com\/en\/wp-json\/wp\/v2\/product"}],"about":[{"href":"https:\/\/maugojewelry.com\/en\/wp-json\/wp\/v2\/types\/product"}],"replies":[{"embeddable":true,"href":"https:\/\/maugojewelry.com\/en\/wp-json\/wp\/v2\/comments?post=618"}],"wp:featuredmedia":[{"embeddable":true,"href":"https:\/\/maugojewelry.com\/en\/wp-json\/wp\/v2\/media\/597"}],"wp:attachment":[{"href":"https:\/\/maugojewelry.com\/en\/wp-json\/wp\/v2\/media?parent=618"}],"wp:term":[{"taxonomy":"product_brand","embeddable":true,"href":"https:\/\/maugojewelry.com\/en\/wp-json\/wp\/v2\/product_brand?post=618"},{"taxonomy":"product_cat","embeddable":true,"href":"https:\/\/maugojewelry.com\/en\/wp-json\/wp\/v2\/product_cat?post=618"},{"taxonomy":"product_tag","embeddable":true,"href":"https:\/\/maugojewelry.com\/en\/wp-json\/wp\/v2\/product_tag?post=618"}],"curies":[{"name":"wp","href":"https:\/\/api.w.org\/{rel}","templated":true}]}}