{"id":620,"date":"2021-03-25T21:02:01","date_gmt":"2021-03-25T21:02:01","guid":{"rendered":"https:\/\/maugojewelry.com\/?post_type=product&#038;p=620"},"modified":"2024-09-02T20:57:56","modified_gmt":"2024-09-02T19:27:56","slug":"pearl-charm-bracelet","status":"publish","type":"product","link":"https:\/\/maugojewelry.com\/en\/produkt\/pearl-charm-bracelet\/","title":{"rendered":"Pearl Charm Bracelet"},"excerpt":{"rendered":"<p>R\u0119cznie wykonana bransoletka z autorskim zapi\u0119ciem i\u00a0 per\u0142ow\u0105 zawieszk\u0105 wykonana w srebrze 925 i poz\u0142acana 18-karatowym z\u0142otem. Bransoletka mo\u017ce by\u0107 regulowana.<\/p>\n<p>&nbsp;<\/p>\n<ul>\n<li>Materia\u0142: srebro 925, 18-karatowe z\u0142ocenie<\/li>\n<li>Kamie\u0144: naturalna per\u0142a<\/li>\n<li>Wymiary: d\u0142ugo\u015b\u0107 wynosi 18cm, jest regulowana<\/li>\n<li>Per\u0142a ma \u015brednic\u0119 9 mm<\/li>\n<\/ul>\n<p>&nbsp;<\/p>\n<p>Ten model dost\u0119pny jest r\u00f3wnie\u017c w \u017c\u00f3\u0142tym z\u0142ocie 585 (14ct.) na specjalne zam\u00f3wienie. Prosimy o kontakt na\u00a0<a href=\"https:\/\/maugojewelry.com\/pl\/product\/618\/info@maugojewelry.com\">info@maugojewelry.com\u00a0 \u00a0<\/a>Czas realizacji zam\u00f3wienia bransolety w z\u0142ocie wynosi oko\u0142o 4 tygodnie.<\/p>\n<p>&nbsp;<\/p>\n<p>&nbsp;<\/p>\n<p>&nbsp;<\/p>\n","protected":false},"featured_media":603,"comment_status":"open","ping_status":"closed","template":"","meta":{"_acf_changed":false},"product_brand":[],"product_cat":[16,19],"product_tag":[],"class_list":{"0":"post-620","1":"product","2":"type-product","3":"status-publish","4":"has-post-thumbnail","6":"product_cat-all","7":"product_cat-bracelets","9":"first","10":"instock","11":"shipping-taxable","12":"purchasable","13":"product-type-variable"},"acf":[],"aioseo_notices":[],"_links":{"self":[{"href":"https:\/\/maugojewelry.com\/en\/wp-json\/wp\/v2\/product\/620","targetHints":{"allow":["GET"]}}],"collection":[{"href":"https:\/\/maugojewelry.com\/en\/wp-json\/wp\/v2\/product"}],"about":[{"href":"https:\/\/maugojewelry.com\/en\/wp-json\/wp\/v2\/types\/product"}],"replies":[{"embeddable":true,"href":"https:\/\/maugojewelry.com\/en\/wp-json\/wp\/v2\/comments?post=620"}],"wp:featuredmedia":[{"embeddable":true,"href":"https:\/\/maugojewelry.com\/en\/wp-json\/wp\/v2\/media\/603"}],"wp:attachment":[{"href":"https:\/\/maugojewelry.com\/en\/wp-json\/wp\/v2\/media?parent=620"}],"wp:term":[{"taxonomy":"product_brand","embeddable":true,"href":"https:\/\/maugojewelry.com\/en\/wp-json\/wp\/v2\/product_brand?post=620"},{"taxonomy":"product_cat","embeddable":true,"href":"https:\/\/maugojewelry.com\/en\/wp-json\/wp\/v2\/product_cat?post=620"},{"taxonomy":"product_tag","embeddable":true,"href":"https:\/\/maugojewelry.com\/en\/wp-json\/wp\/v2\/product_tag?post=620"}],"curies":[{"name":"wp","href":"https:\/\/api.w.org\/{rel}","templated":true}]}}