{"id":621,"date":"2021-03-25T21:09:20","date_gmt":"2021-03-25T21:09:20","guid":{"rendered":"https:\/\/maugojewelry.com\/?post_type=product&#038;p=621"},"modified":"2024-08-09T11:03:08","modified_gmt":"2024-08-09T11:03:08","slug":"wave-bracelet","status":"publish","type":"product","link":"https:\/\/maugojewelry.com\/en\/produkt\/wave-bracelet\/","title":{"rendered":"Wave Bracelet"},"excerpt":{"rendered":"<p>Bransoletka z unikatowym nieregularnym kszta\u0142tem wykonana r\u0119cznie ze z\u0142ota pr\u00f3by 585 (14ct.)<\/p>\n<p>&nbsp;<\/p>\n<ul>\n<li>Materia\u0142: \u017c\u00f3\u0142te z\u0142oto 585<\/li>\n<li>Wymiary: szeroko\u015b\u0107 oko\u0142o 3,5 mm<\/li>\n<li>Ka\u017cdy egzemplarz mo\u017ce si\u0119 minimalnie r\u00f3\u017cni\u0107.<\/li>\n<\/ul>\n","protected":false},"featured_media":629,"comment_status":"open","ping_status":"closed","template":"","meta":{"_acf_changed":false},"product_brand":[],"product_cat":[19,2090,2112],"product_tag":[],"class_list":{"0":"post-621","1":"product","2":"type-product","3":"status-publish","4":"has-post-thumbnail","6":"product_cat-bracelets","7":"product_cat-bez-kategorii","8":"product_cat-solid-gold-en","10":"first","11":"instock","12":"shipping-taxable","13":"purchasable","14":"product-type-variable"},"acf":[],"aioseo_notices":[],"_links":{"self":[{"href":"https:\/\/maugojewelry.com\/en\/wp-json\/wp\/v2\/product\/621","targetHints":{"allow":["GET"]}}],"collection":[{"href":"https:\/\/maugojewelry.com\/en\/wp-json\/wp\/v2\/product"}],"about":[{"href":"https:\/\/maugojewelry.com\/en\/wp-json\/wp\/v2\/types\/product"}],"replies":[{"embeddable":true,"href":"https:\/\/maugojewelry.com\/en\/wp-json\/wp\/v2\/comments?post=621"}],"wp:featuredmedia":[{"embeddable":true,"href":"https:\/\/maugojewelry.com\/en\/wp-json\/wp\/v2\/media\/629"}],"wp:attachment":[{"href":"https:\/\/maugojewelry.com\/en\/wp-json\/wp\/v2\/media?parent=621"}],"wp:term":[{"taxonomy":"product_brand","embeddable":true,"href":"https:\/\/maugojewelry.com\/en\/wp-json\/wp\/v2\/product_brand?post=621"},{"taxonomy":"product_cat","embeddable":true,"href":"https:\/\/maugojewelry.com\/en\/wp-json\/wp\/v2\/product_cat?post=621"},{"taxonomy":"product_tag","embeddable":true,"href":"https:\/\/maugojewelry.com\/en\/wp-json\/wp\/v2\/product_tag?post=621"}],"curies":[{"name":"wp","href":"https:\/\/api.w.org\/{rel}","templated":true}]}}