{"id":635,"date":"2021-03-29T17:53:23","date_gmt":"2021-03-29T17:53:23","guid":{"rendered":"https:\/\/maugojewelry.com\/?post_type=product&#038;p=635"},"modified":"2025-11-16T15:24:19","modified_gmt":"2025-11-16T14:24:19","slug":"635","status":"publish","type":"product","link":"https:\/\/maugojewelry.com\/en\/produkt\/635\/","title":{"rendered":"Raw Bracelet"},"excerpt":{"rendered":"<p>Sztywna bransoletka o wyj\u0105tkowej m\u0142otkowanej fakturze w ca\u0142o\u015bci wykonana ze srebra 925 lub srebra poz\u0142acanego 24-karatowym z\u0142otem. Bransoletk\u0119 mo\u017cna delikatnie dogi\u0105\u0107 aby dostosowa\u0107 j\u0105 do nadgarstka<\/p>\n<p>&nbsp;<\/p>\n<ul>\n<li>Materia\u0142: srebro 925<\/li>\n<li>24-karatowe z\u0142ocenie o grubo\u015bci jednego mikrona w odcieniu w\u0142oskim<\/li>\n<li>Bransoletka wykonana standardowo na obw\u00f3d nadgarstka 16-18 cm<\/li>\n<li>Szeroko\u015b\u0107 oko\u0142o 4 mm<\/li>\n<\/ul>\n","protected":false},"featured_media":637,"comment_status":"open","ping_status":"closed","template":"","meta":{"_acf_changed":false},"product_brand":[],"product_cat":[19,16],"product_tag":[],"class_list":{"0":"post-635","1":"product","2":"type-product","3":"status-publish","4":"has-post-thumbnail","6":"product_cat-bracelets","7":"product_cat-all","9":"first","10":"instock","11":"shipping-taxable","12":"purchasable","13":"product-type-variable"},"acf":[],"aioseo_notices":[],"_links":{"self":[{"href":"https:\/\/maugojewelry.com\/en\/wp-json\/wp\/v2\/product\/635","targetHints":{"allow":["GET"]}}],"collection":[{"href":"https:\/\/maugojewelry.com\/en\/wp-json\/wp\/v2\/product"}],"about":[{"href":"https:\/\/maugojewelry.com\/en\/wp-json\/wp\/v2\/types\/product"}],"replies":[{"embeddable":true,"href":"https:\/\/maugojewelry.com\/en\/wp-json\/wp\/v2\/comments?post=635"}],"wp:featuredmedia":[{"embeddable":true,"href":"https:\/\/maugojewelry.com\/en\/wp-json\/wp\/v2\/media\/637"}],"wp:attachment":[{"href":"https:\/\/maugojewelry.com\/en\/wp-json\/wp\/v2\/media?parent=635"}],"wp:term":[{"taxonomy":"product_brand","embeddable":true,"href":"https:\/\/maugojewelry.com\/en\/wp-json\/wp\/v2\/product_brand?post=635"},{"taxonomy":"product_cat","embeddable":true,"href":"https:\/\/maugojewelry.com\/en\/wp-json\/wp\/v2\/product_cat?post=635"},{"taxonomy":"product_tag","embeddable":true,"href":"https:\/\/maugojewelry.com\/en\/wp-json\/wp\/v2\/product_tag?post=635"}],"curies":[{"name":"wp","href":"https:\/\/api.w.org\/{rel}","templated":true}]}}