{"id":638,"date":"2021-03-29T17:58:28","date_gmt":"2021-03-29T17:58:28","guid":{"rendered":"https:\/\/maugojewelry.com\/?post_type=product&#038;p=638"},"modified":"2026-02-23T22:47:32","modified_gmt":"2026-02-23T21:47:32","slug":"chain-bracelet","status":"publish","type":"product","link":"https:\/\/maugojewelry.com\/en\/produkt\/chain-bracelet\/","title":{"rendered":"Chain Bracelet"},"excerpt":{"rendered":"<p>R\u0119cznie wykonana bransoletka z autorskim zapi\u0119ciem wykonana w srebrze 925 lub w srebrze i poz\u0142acana 18-karatowym z\u0142otem. Bransoletka mo\u017ce by\u0107 regulowana.<\/p>\n<p>&nbsp;<\/p>\n<ul>\n<li>Materia\u0142: srebro 925, 18-karatowe z\u0142ocenie<\/li>\n<li>Wymiary: d\u0142ugo\u015b\u0107 wynosi\u00a0 ok. 18cm,\u00a0 mo\u017ce by\u0107 regulowana<\/li>\n<\/ul>\n<p>&nbsp;<\/p>\n<p>Ten model dost\u0119pny jest r\u00f3wnie\u017c w \u017c\u00f3\u0142tym z\u0142ocie 585 (14ct.) na specjalne zam\u00f3wienie. Prosimy o kontakt na\u00a0<a href=\"https:\/\/maugojewelry.com\/pl\/product\/618\/info@maugojewelry.com\">info@maugojewelry.com\u00a0 \u00a0<\/a><\/p>\n<p>Czas realizacji zam\u00f3wienia bransolety w z\u0142ocie wynosi oko\u0142o 4 tygodnie.<\/p>\n","protected":false},"featured_media":793,"comment_status":"open","ping_status":"closed","template":"","meta":{"_acf_changed":false},"product_brand":[],"product_cat":[19,2090],"product_tag":[],"class_list":{"0":"post-638","1":"product","2":"type-product","3":"status-publish","4":"has-post-thumbnail","6":"product_cat-bracelets","7":"product_cat-bez-kategorii","9":"first","10":"instock","11":"shipping-taxable","12":"purchasable","13":"product-type-variable"},"acf":[],"aioseo_notices":[],"_links":{"self":[{"href":"https:\/\/maugojewelry.com\/en\/wp-json\/wp\/v2\/product\/638","targetHints":{"allow":["GET"]}}],"collection":[{"href":"https:\/\/maugojewelry.com\/en\/wp-json\/wp\/v2\/product"}],"about":[{"href":"https:\/\/maugojewelry.com\/en\/wp-json\/wp\/v2\/types\/product"}],"replies":[{"embeddable":true,"href":"https:\/\/maugojewelry.com\/en\/wp-json\/wp\/v2\/comments?post=638"}],"wp:featuredmedia":[{"embeddable":true,"href":"https:\/\/maugojewelry.com\/en\/wp-json\/wp\/v2\/media\/793"}],"wp:attachment":[{"href":"https:\/\/maugojewelry.com\/en\/wp-json\/wp\/v2\/media?parent=638"}],"wp:term":[{"taxonomy":"product_brand","embeddable":true,"href":"https:\/\/maugojewelry.com\/en\/wp-json\/wp\/v2\/product_brand?post=638"},{"taxonomy":"product_cat","embeddable":true,"href":"https:\/\/maugojewelry.com\/en\/wp-json\/wp\/v2\/product_cat?post=638"},{"taxonomy":"product_tag","embeddable":true,"href":"https:\/\/maugojewelry.com\/en\/wp-json\/wp\/v2\/product_tag?post=638"}],"curies":[{"name":"wp","href":"https:\/\/api.w.org\/{rel}","templated":true}]}}