{"id":663,"date":"2021-03-29T21:50:43","date_gmt":"2021-03-29T21:50:43","guid":{"rendered":"https:\/\/maugojewelry.com\/?post_type=product&#038;p=663"},"modified":"2026-04-10T12:48:48","modified_gmt":"2026-04-10T11:48:48","slug":"signature-signet-gemstone-ring-2","status":"publish","type":"product","link":"https:\/\/maugojewelry.com\/en\/produkt\/signature-signet-gemstone-ring-2\/","title":{"rendered":"Signature Signet Ring II"},"excerpt":{"rendered":"<p>Sygnet wykonany z masy per\u0142owej i \u017c\u00f3\u0142tego z\u0142ota pr\u00f3by 585 (14ct) lub srebra 925. Ka\u017cdy egzemplarz mo\u017ce si\u0119 minimalnie r\u00f3\u017cni\u0107.<\/p>\n<p>&nbsp;<\/p>\n<ul>\n<li>Surowiec: z\u0142oto 585\/ srebro 925\/ srebro poz\u0142acane 23-karatowym z\u0142otem<\/li>\n<li>Kamie\u0144: masa per\u0142owa<\/li>\n<li>Wymiary: kamie\u0144 6\u00d710 mm<\/li>\n<\/ul>\n<p>&nbsp;<\/p>\n<p>&nbsp;<\/p>\n","protected":false},"featured_media":664,"comment_status":"open","ping_status":"closed","template":"","meta":{"_acf_changed":false},"product_brand":[],"product_cat":[2098,2090,2112],"product_tag":[],"class_list":{"0":"post-663","1":"product","2":"type-product","3":"status-publish","4":"has-post-thumbnail","6":"product_cat-rings-en","7":"product_cat-bez-kategorii","8":"product_cat-solid-gold-en","10":"first","11":"instock","12":"shipping-taxable","13":"purchasable","14":"product-type-variable"},"acf":[],"aioseo_notices":[],"_links":{"self":[{"href":"https:\/\/maugojewelry.com\/en\/wp-json\/wp\/v2\/product\/663","targetHints":{"allow":["GET"]}}],"collection":[{"href":"https:\/\/maugojewelry.com\/en\/wp-json\/wp\/v2\/product"}],"about":[{"href":"https:\/\/maugojewelry.com\/en\/wp-json\/wp\/v2\/types\/product"}],"replies":[{"embeddable":true,"href":"https:\/\/maugojewelry.com\/en\/wp-json\/wp\/v2\/comments?post=663"}],"wp:featuredmedia":[{"embeddable":true,"href":"https:\/\/maugojewelry.com\/en\/wp-json\/wp\/v2\/media\/664"}],"wp:attachment":[{"href":"https:\/\/maugojewelry.com\/en\/wp-json\/wp\/v2\/media?parent=663"}],"wp:term":[{"taxonomy":"product_brand","embeddable":true,"href":"https:\/\/maugojewelry.com\/en\/wp-json\/wp\/v2\/product_brand?post=663"},{"taxonomy":"product_cat","embeddable":true,"href":"https:\/\/maugojewelry.com\/en\/wp-json\/wp\/v2\/product_cat?post=663"},{"taxonomy":"product_tag","embeddable":true,"href":"https:\/\/maugojewelry.com\/en\/wp-json\/wp\/v2\/product_tag?post=663"}],"curies":[{"name":"wp","href":"https:\/\/api.w.org\/{rel}","templated":true}]}}