{"id":7068,"date":"2023-09-04T11:00:26","date_gmt":"2023-09-04T11:00:26","guid":{"rendered":"https:\/\/maugojewelry.com\/?post_type=product&#038;p=7068"},"modified":"2026-01-20T17:01:32","modified_gmt":"2026-01-20T16:01:32","slug":"petite-heart-necklace","status":"publish","type":"product","link":"https:\/\/maugojewelry.com\/en\/produkt\/petite-heart-necklace\/","title":{"rendered":"Petite Heart Necklace"},"excerpt":{"rendered":"<p>Naszyjnik z zawieszk\u0105 w kszta\u0142cie serca wykonany z \u017c\u00f3\u0142tego z\u0142ota pr\u00f3by 585 lub srebra 925 poz\u0142acanego 24-karatowym z\u0142otem.\u00a0 Zawieszka jest lekko wypuk\u0142a po obu stronach.<\/p>\n<p>&nbsp;<\/p>\n<p>Surowiec: \u017c\u00f3\u0142te z\u0142oto 585\/ srebro 925<\/p>\n<p>Wymiary: 10 mm x 9mm<\/p>\n<p>Nasz\u0105 bi\u017cuteri\u0119 z\u0142ocimy 1 mikronem 24k z\u0142ota w odcieniu w\u0142oskim.<\/p>\n<p>&nbsp;<\/p>\n<p>Wyprodukowano w Polsce.<\/p>\n","protected":false},"featured_media":7080,"comment_status":"closed","ping_status":"closed","template":"","meta":{"_acf_changed":false},"product_brand":[],"product_cat":[16,20,2068],"product_tag":[],"class_list":{"0":"post-7068","1":"product","2":"type-product","3":"status-publish","4":"has-post-thumbnail","6":"product_cat-all","7":"product_cat-necklaces","8":"product_cat-solid-gold","10":"first","11":"instock","12":"shipping-taxable","13":"purchasable","14":"product-type-variable"},"acf":[],"aioseo_notices":[],"_links":{"self":[{"href":"https:\/\/maugojewelry.com\/en\/wp-json\/wp\/v2\/product\/7068","targetHints":{"allow":["GET"]}}],"collection":[{"href":"https:\/\/maugojewelry.com\/en\/wp-json\/wp\/v2\/product"}],"about":[{"href":"https:\/\/maugojewelry.com\/en\/wp-json\/wp\/v2\/types\/product"}],"replies":[{"embeddable":true,"href":"https:\/\/maugojewelry.com\/en\/wp-json\/wp\/v2\/comments?post=7068"}],"wp:featuredmedia":[{"embeddable":true,"href":"https:\/\/maugojewelry.com\/en\/wp-json\/wp\/v2\/media\/7080"}],"wp:attachment":[{"href":"https:\/\/maugojewelry.com\/en\/wp-json\/wp\/v2\/media?parent=7068"}],"wp:term":[{"taxonomy":"product_brand","embeddable":true,"href":"https:\/\/maugojewelry.com\/en\/wp-json\/wp\/v2\/product_brand?post=7068"},{"taxonomy":"product_cat","embeddable":true,"href":"https:\/\/maugojewelry.com\/en\/wp-json\/wp\/v2\/product_cat?post=7068"},{"taxonomy":"product_tag","embeddable":true,"href":"https:\/\/maugojewelry.com\/en\/wp-json\/wp\/v2\/product_tag?post=7068"}],"curies":[{"name":"wp","href":"https:\/\/api.w.org\/{rel}","templated":true}]}}