{"id":710,"date":"2021-04-01T15:14:05","date_gmt":"2021-04-01T15:14:05","guid":{"rendered":"https:\/\/maugojewelry.com\/?post_type=product&#038;p=710"},"modified":"2025-06-18T15:26:33","modified_gmt":"2025-06-18T13:56:33","slug":"amber-braid-ring-2","status":"publish","type":"product","link":"https:\/\/maugojewelry.com\/en\/produkt\/amber-braid-ring-2\/","title":{"rendered":"Amber Braid Ring I"},"excerpt":{"rendered":"<p>Pier\u015bcionek z unikatowym kamieniem bursztynu ba\u0142tyckiego oplatany r\u0119cznie z\u0142ot\u0105 lini\u0105. Wykonane r\u0119cznie z \u017c\u00f3\u0142tego z\u0142ota pr\u00f3by 585 (14ct).<\/p>\n<p>&nbsp;<\/p>\n<ul>\n<li>Surowiec: \u017c\u00f3\u0142te z\u0142oto 585, naturalny bursztyn ba\u0142tycki<\/li>\n<li>Wymiar kamienia: 14&#215;16 mm<\/li>\n<li>Bursztyn ba\u0142tycki jest kamieniem naturalnym i ka\u017cdy egzemplarz mo\u017ce si\u0119 minimalnie r\u00f3\u017cni\u0107<\/li>\n<\/ul>\n","protected":false},"featured_media":1018,"comment_status":"open","ping_status":"closed","template":"","meta":{"_acf_changed":false},"product_brand":[],"product_cat":[2098,2090],"product_tag":[],"class_list":{"0":"post-710","1":"product","2":"type-product","3":"status-publish","4":"has-post-thumbnail","6":"product_cat-rings-en","7":"product_cat-bez-kategorii","9":"first","10":"instock","11":"shipping-taxable","12":"purchasable","13":"product-type-variable"},"acf":[],"aioseo_notices":[],"_links":{"self":[{"href":"https:\/\/maugojewelry.com\/en\/wp-json\/wp\/v2\/product\/710","targetHints":{"allow":["GET"]}}],"collection":[{"href":"https:\/\/maugojewelry.com\/en\/wp-json\/wp\/v2\/product"}],"about":[{"href":"https:\/\/maugojewelry.com\/en\/wp-json\/wp\/v2\/types\/product"}],"replies":[{"embeddable":true,"href":"https:\/\/maugojewelry.com\/en\/wp-json\/wp\/v2\/comments?post=710"}],"wp:featuredmedia":[{"embeddable":true,"href":"https:\/\/maugojewelry.com\/en\/wp-json\/wp\/v2\/media\/1018"}],"wp:attachment":[{"href":"https:\/\/maugojewelry.com\/en\/wp-json\/wp\/v2\/media?parent=710"}],"wp:term":[{"taxonomy":"product_brand","embeddable":true,"href":"https:\/\/maugojewelry.com\/en\/wp-json\/wp\/v2\/product_brand?post=710"},{"taxonomy":"product_cat","embeddable":true,"href":"https:\/\/maugojewelry.com\/en\/wp-json\/wp\/v2\/product_cat?post=710"},{"taxonomy":"product_tag","embeddable":true,"href":"https:\/\/maugojewelry.com\/en\/wp-json\/wp\/v2\/product_tag?post=710"}],"curies":[{"name":"wp","href":"https:\/\/api.w.org\/{rel}","templated":true}]}}