{"id":7123,"date":"2023-09-04T15:00:29","date_gmt":"2023-09-04T15:00:29","guid":{"rendered":"https:\/\/maugojewelry.com\/?post_type=product&#038;p=7123"},"modified":"2026-04-07T15:14:18","modified_gmt":"2026-04-07T14:14:18","slug":"petite-heart-pinky-ring","status":"publish","type":"product","link":"https:\/\/maugojewelry.com\/en\/produkt\/petite-heart-pinky-ring\/","title":{"rendered":"Petite Heart Pinky Ring"},"excerpt":{"rendered":"<p>Minimalistyczny sygnet na ma\u0142y palec w kszta\u0142cie serca. Tarcza pier\u015bcionka ma wymiary 5 mm x 4 mm. Sygnet wykonany jest z \u017c\u00f3\u0142tego z\u0142ota pr\u00f3by 585,\u00a0 srebra z\u0142oconego 18K z\u0142otem lub srebra.<\/p>\n<p>&nbsp;<\/p>\n<p>Materia\u0142: \u017c\u00f3\u0142te z\u0142oto pr\u00f3by 585\/ srebro 925<\/p>\n","protected":false},"featured_media":7076,"comment_status":"closed","ping_status":"closed","template":"","meta":{"_acf_changed":false},"product_brand":[],"product_cat":[16,17,2068],"product_tag":[],"class_list":{"0":"post-7123","1":"product","2":"type-product","3":"status-publish","4":"has-post-thumbnail","6":"product_cat-all","7":"product_cat-rings","8":"product_cat-solid-gold","10":"first","11":"instock","12":"shipping-taxable","13":"purchasable","14":"product-type-variable"},"acf":[],"aioseo_notices":[],"_links":{"self":[{"href":"https:\/\/maugojewelry.com\/en\/wp-json\/wp\/v2\/product\/7123","targetHints":{"allow":["GET"]}}],"collection":[{"href":"https:\/\/maugojewelry.com\/en\/wp-json\/wp\/v2\/product"}],"about":[{"href":"https:\/\/maugojewelry.com\/en\/wp-json\/wp\/v2\/types\/product"}],"replies":[{"embeddable":true,"href":"https:\/\/maugojewelry.com\/en\/wp-json\/wp\/v2\/comments?post=7123"}],"wp:featuredmedia":[{"embeddable":true,"href":"https:\/\/maugojewelry.com\/en\/wp-json\/wp\/v2\/media\/7076"}],"wp:attachment":[{"href":"https:\/\/maugojewelry.com\/en\/wp-json\/wp\/v2\/media?parent=7123"}],"wp:term":[{"taxonomy":"product_brand","embeddable":true,"href":"https:\/\/maugojewelry.com\/en\/wp-json\/wp\/v2\/product_brand?post=7123"},{"taxonomy":"product_cat","embeddable":true,"href":"https:\/\/maugojewelry.com\/en\/wp-json\/wp\/v2\/product_cat?post=7123"},{"taxonomy":"product_tag","embeddable":true,"href":"https:\/\/maugojewelry.com\/en\/wp-json\/wp\/v2\/product_tag?post=7123"}],"curies":[{"name":"wp","href":"https:\/\/api.w.org\/{rel}","templated":true}]}}