{"id":7127,"date":"2023-09-01T11:00:51","date_gmt":"2023-09-01T11:00:51","guid":{"rendered":"https:\/\/maugojewelry.com\/?post_type=product&#038;p=7127"},"modified":"2026-04-07T13:49:20","modified_gmt":"2026-04-07T12:49:20","slug":"petite-heart-hoop","status":"publish","type":"product","link":"https:\/\/maugojewelry.com\/en\/produkt\/petite-heart-hoop\/","title":{"rendered":"Petite Heart Hoops"},"excerpt":{"rendered":"<p>Delikatne kolczyki k\u00f3\u0142ka z zawieszk\u0105 w kszta\u0142cie serca wykonane z \u017c\u00f3\u0142tego z\u0142ota 585 (14ct.), srebra 925 lub srebra poz\u0142acanego 24-karatowym z\u0142otem.<\/p>\n<p>Zawieszka jest lekko wypuk\u0142a po obu stronach. Serduszka mo\u017cna zdejmowa\u0107 i nosi\u0107 samodzielnie k\u00f3\u0142ka.<\/p>\n<p>&nbsp;<\/p>\n<p>Surowiec: z\u0142oto 585\/ 18-karatowe poz\u0142acane srebro\/ srebro 925<\/p>\n<p>Wielko\u015b\u0107 zawieszki: 6mm x 7 mm<\/p>\n<p>Wielko\u015b\u0107 kolczyka: wewn\u0119trzna \u015brednica 15 mm, szeroko\u015b\u0107 3 mm<\/p>\n<p>&nbsp;<\/p>\n<p>*Produkt zaprojektowany i wykonany w Polsce.<\/p>\n","protected":false},"featured_media":7090,"comment_status":"closed","ping_status":"closed","template":"","meta":{"_acf_changed":false},"product_brand":[],"product_cat":[18,16,2068],"product_tag":[],"class_list":{"0":"post-7127","1":"product","2":"type-product","3":"status-publish","4":"has-post-thumbnail","6":"product_cat-earrings","7":"product_cat-all","8":"product_cat-solid-gold","10":"first","11":"instock","12":"shipping-taxable","13":"purchasable","14":"product-type-variable"},"acf":[],"aioseo_notices":[],"_links":{"self":[{"href":"https:\/\/maugojewelry.com\/en\/wp-json\/wp\/v2\/product\/7127","targetHints":{"allow":["GET"]}}],"collection":[{"href":"https:\/\/maugojewelry.com\/en\/wp-json\/wp\/v2\/product"}],"about":[{"href":"https:\/\/maugojewelry.com\/en\/wp-json\/wp\/v2\/types\/product"}],"replies":[{"embeddable":true,"href":"https:\/\/maugojewelry.com\/en\/wp-json\/wp\/v2\/comments?post=7127"}],"wp:featuredmedia":[{"embeddable":true,"href":"https:\/\/maugojewelry.com\/en\/wp-json\/wp\/v2\/media\/7090"}],"wp:attachment":[{"href":"https:\/\/maugojewelry.com\/en\/wp-json\/wp\/v2\/media?parent=7127"}],"wp:term":[{"taxonomy":"product_brand","embeddable":true,"href":"https:\/\/maugojewelry.com\/en\/wp-json\/wp\/v2\/product_brand?post=7127"},{"taxonomy":"product_cat","embeddable":true,"href":"https:\/\/maugojewelry.com\/en\/wp-json\/wp\/v2\/product_cat?post=7127"},{"taxonomy":"product_tag","embeddable":true,"href":"https:\/\/maugojewelry.com\/en\/wp-json\/wp\/v2\/product_tag?post=7127"}],"curies":[{"name":"wp","href":"https:\/\/api.w.org\/{rel}","templated":true}]}}