{"id":7130,"date":"2023-09-04T11:00:58","date_gmt":"2023-09-04T11:00:58","guid":{"rendered":"https:\/\/maugojewelry.com\/?post_type=product&#038;p=7130"},"modified":"2025-10-01T14:00:51","modified_gmt":"2025-10-01T12:30:51","slug":"dome-diamond-ring-ii","status":"publish","type":"product","link":"https:\/\/maugojewelry.com\/en\/produkt\/dome-diamond-ring-ii\/","title":{"rendered":"Dome Diamond Ring II"},"excerpt":{"rendered":"<p>Delikatny sygnet o wyj\u0105tkowym ob\u0142ym kszta\u0142cie wysadzany 1o brylantami (0,01ct.). Wykonany z \u017c\u00f3\u0142tego z\u0142ota 585 (14ct.).<\/p>\n<p>&nbsp;<\/p>\n<p>Surowiec: z\u0142oto 585 (14ct.)<\/p>\n<p>Kamie\u0144: brylant, 10 kamieni 0,01 ct. (1,25mm)<\/p>\n<p>Czysto\u015b\u0107 diamentu: Si1<\/p>\n<p>Wymiary: szeroko\u015b\u0107 obr\u0105czki oko\u0142o 6 mm (prz\u00f3d), 3 mm (ty\u0142)<\/p>\n","protected":false},"featured_media":7073,"comment_status":"closed","ping_status":"closed","template":"","meta":{"_acf_changed":false},"product_brand":[],"product_cat":[16,17,2068],"product_tag":[],"class_list":{"0":"post-7130","1":"product","2":"type-product","3":"status-publish","4":"has-post-thumbnail","6":"product_cat-all","7":"product_cat-rings","8":"product_cat-solid-gold","10":"first","11":"instock","12":"shipping-taxable","13":"purchasable","14":"product-type-variable"},"acf":[],"aioseo_notices":[],"_links":{"self":[{"href":"https:\/\/maugojewelry.com\/en\/wp-json\/wp\/v2\/product\/7130","targetHints":{"allow":["GET"]}}],"collection":[{"href":"https:\/\/maugojewelry.com\/en\/wp-json\/wp\/v2\/product"}],"about":[{"href":"https:\/\/maugojewelry.com\/en\/wp-json\/wp\/v2\/types\/product"}],"replies":[{"embeddable":true,"href":"https:\/\/maugojewelry.com\/en\/wp-json\/wp\/v2\/comments?post=7130"}],"wp:featuredmedia":[{"embeddable":true,"href":"https:\/\/maugojewelry.com\/en\/wp-json\/wp\/v2\/media\/7073"}],"wp:attachment":[{"href":"https:\/\/maugojewelry.com\/en\/wp-json\/wp\/v2\/media?parent=7130"}],"wp:term":[{"taxonomy":"product_brand","embeddable":true,"href":"https:\/\/maugojewelry.com\/en\/wp-json\/wp\/v2\/product_brand?post=7130"},{"taxonomy":"product_cat","embeddable":true,"href":"https:\/\/maugojewelry.com\/en\/wp-json\/wp\/v2\/product_cat?post=7130"},{"taxonomy":"product_tag","embeddable":true,"href":"https:\/\/maugojewelry.com\/en\/wp-json\/wp\/v2\/product_tag?post=7130"}],"curies":[{"name":"wp","href":"https:\/\/api.w.org\/{rel}","templated":true}]}}