{"id":7143,"date":"2023-09-01T11:00:28","date_gmt":"2023-09-01T11:00:28","guid":{"rendered":"https:\/\/maugojewelry.com\/?post_type=product&#038;p=7143"},"modified":"2026-04-07T15:19:40","modified_gmt":"2026-04-07T14:19:40","slug":"raw-ring","status":"publish","type":"product","link":"https:\/\/maugojewelry.com\/en\/produkt\/raw-ring\/","title":{"rendered":"Raw Ring"},"excerpt":{"rendered":"<p>Minimalistyczny pier\u015bcionek o wyj\u0105tkowej m\u0142otkowanej fakturze w ca\u0142o\u015bci wykonany ze srebra z\u0142oconego 18-karatowym z\u0142otem.<\/p>\n<p>&nbsp;<\/p>\n<p>Surowiec: z\u0142ocone srebro 925<\/p>\n<p>Wymiary: szeroko\u015b\u0107 oko\u0142o 3mm<\/p>\n<p>Waga: 2g<\/p>\n<p>&nbsp;<\/p>\n<p>*Projekt zaprojektowany i wykonany w Polsce.<\/p>\n","protected":false},"featured_media":592,"comment_status":"closed","ping_status":"closed","template":"","meta":{"_acf_changed":false},"product_brand":[],"product_cat":[17,16],"product_tag":[],"class_list":{"0":"post-7143","1":"product","2":"type-product","3":"status-publish","4":"has-post-thumbnail","6":"product_cat-rings","7":"product_cat-all","9":"first","10":"instock","11":"shipping-taxable","12":"purchasable","13":"product-type-variable"},"acf":[],"aioseo_notices":[],"_links":{"self":[{"href":"https:\/\/maugojewelry.com\/en\/wp-json\/wp\/v2\/product\/7143","targetHints":{"allow":["GET"]}}],"collection":[{"href":"https:\/\/maugojewelry.com\/en\/wp-json\/wp\/v2\/product"}],"about":[{"href":"https:\/\/maugojewelry.com\/en\/wp-json\/wp\/v2\/types\/product"}],"replies":[{"embeddable":true,"href":"https:\/\/maugojewelry.com\/en\/wp-json\/wp\/v2\/comments?post=7143"}],"wp:featuredmedia":[{"embeddable":true,"href":"https:\/\/maugojewelry.com\/en\/wp-json\/wp\/v2\/media\/592"}],"wp:attachment":[{"href":"https:\/\/maugojewelry.com\/en\/wp-json\/wp\/v2\/media?parent=7143"}],"wp:term":[{"taxonomy":"product_brand","embeddable":true,"href":"https:\/\/maugojewelry.com\/en\/wp-json\/wp\/v2\/product_brand?post=7143"},{"taxonomy":"product_cat","embeddable":true,"href":"https:\/\/maugojewelry.com\/en\/wp-json\/wp\/v2\/product_cat?post=7143"},{"taxonomy":"product_tag","embeddable":true,"href":"https:\/\/maugojewelry.com\/en\/wp-json\/wp\/v2\/product_tag?post=7143"}],"curies":[{"name":"wp","href":"https:\/\/api.w.org\/{rel}","templated":true}]}}