{"id":7153,"date":"2023-09-04T15:00:08","date_gmt":"2023-09-04T15:00:08","guid":{"rendered":"https:\/\/maugojewelry.com\/?post_type=product&#038;p=7153"},"modified":"2026-04-07T13:48:02","modified_gmt":"2026-04-07T12:48:02","slug":"mini-hoop-huggie-earrings","status":"publish","type":"product","link":"https:\/\/maugojewelry.com\/en\/produkt\/mini-hoop-huggie-earrings\/","title":{"rendered":"Mini Hoop Huggie Earrings"},"excerpt":{"rendered":"<p>Delikatne, ponadczasowe kolczyki zapinane na zatrzask wykonane z \u017c\u00f3\u0142tego z\u0142ota pr\u00f3by 585 (14ct.) lub srebra poz\u0142acanego 18-karatowym z\u0142otem.<\/p>\n<p>&nbsp;<\/p>\n<p>Materia\u0142: z\u0142oto 585, srebro lub poz\u0142acane srebro<\/p>\n<p>Wymiary: wewn\u0119trzna \u015brednica 15 mm, szeroko\u015b\u0107 3 mm<\/p>\n","protected":false},"featured_media":7089,"comment_status":"closed","ping_status":"closed","template":"","meta":{"_acf_changed":false},"product_brand":[],"product_cat":[16,18,2068],"product_tag":[],"class_list":{"0":"post-7153","1":"product","2":"type-product","3":"status-publish","4":"has-post-thumbnail","6":"product_cat-all","7":"product_cat-earrings","8":"product_cat-solid-gold","10":"first","11":"instock","12":"shipping-taxable","13":"purchasable","14":"product-type-variable","15":"has-default-attributes"},"acf":[],"aioseo_notices":[],"_links":{"self":[{"href":"https:\/\/maugojewelry.com\/en\/wp-json\/wp\/v2\/product\/7153","targetHints":{"allow":["GET"]}}],"collection":[{"href":"https:\/\/maugojewelry.com\/en\/wp-json\/wp\/v2\/product"}],"about":[{"href":"https:\/\/maugojewelry.com\/en\/wp-json\/wp\/v2\/types\/product"}],"replies":[{"embeddable":true,"href":"https:\/\/maugojewelry.com\/en\/wp-json\/wp\/v2\/comments?post=7153"}],"wp:featuredmedia":[{"embeddable":true,"href":"https:\/\/maugojewelry.com\/en\/wp-json\/wp\/v2\/media\/7089"}],"wp:attachment":[{"href":"https:\/\/maugojewelry.com\/en\/wp-json\/wp\/v2\/media?parent=7153"}],"wp:term":[{"taxonomy":"product_brand","embeddable":true,"href":"https:\/\/maugojewelry.com\/en\/wp-json\/wp\/v2\/product_brand?post=7153"},{"taxonomy":"product_cat","embeddable":true,"href":"https:\/\/maugojewelry.com\/en\/wp-json\/wp\/v2\/product_cat?post=7153"},{"taxonomy":"product_tag","embeddable":true,"href":"https:\/\/maugojewelry.com\/en\/wp-json\/wp\/v2\/product_tag?post=7153"}],"curies":[{"name":"wp","href":"https:\/\/api.w.org\/{rel}","templated":true}]}}