{"id":7161,"date":"2023-09-04T15:00:34","date_gmt":"2023-09-04T15:00:34","guid":{"rendered":"https:\/\/maugojewelry.com\/?post_type=product&#038;p=7161"},"modified":"2026-01-07T12:48:45","modified_gmt":"2026-01-07T11:48:45","slug":"mother-of-pearl-reversible-necklace","status":"publish","type":"product","link":"https:\/\/maugojewelry.com\/en\/produkt\/mother-of-pearl-reversible-necklace\/","title":{"rendered":"Mother of Pearl Reversible Necklace"},"excerpt":{"rendered":"<p>Wyj\u0105tkowy naszyjnik z obrotow\u0105 zawieszk\u0105 wykonany z \u017c\u00f3\u0142tego z\u0142ota pr\u00f3by 585 (14ct.) lub srebra z\u0142oconego 18-karatowym z\u0142otem. Zawieszka po obu stronach posiada kamie\u0144 z masy per\u0142owej.<\/p>\n<p>&nbsp;<\/p>\n<p>Surowiec: \u017c\u00f3\u0142te z\u0142oto 585 lub poz\u0142acane srebro<\/p>\n<p>Wymiary: \u015brednica kamienia ma ok. 10 mm<\/p>\n<p>Waga: 1,6 g (zawieszka)<\/p>\n","protected":false},"featured_media":7086,"comment_status":"closed","ping_status":"closed","template":"","meta":{"_acf_changed":false},"product_brand":[],"product_cat":[16,20,2068],"product_tag":[],"class_list":{"0":"post-7161","1":"product","2":"type-product","3":"status-publish","4":"has-post-thumbnail","6":"product_cat-all","7":"product_cat-necklaces","8":"product_cat-solid-gold","10":"first","11":"instock","12":"shipping-taxable","13":"purchasable","14":"product-type-variable"},"acf":[],"aioseo_notices":[],"_links":{"self":[{"href":"https:\/\/maugojewelry.com\/en\/wp-json\/wp\/v2\/product\/7161","targetHints":{"allow":["GET"]}}],"collection":[{"href":"https:\/\/maugojewelry.com\/en\/wp-json\/wp\/v2\/product"}],"about":[{"href":"https:\/\/maugojewelry.com\/en\/wp-json\/wp\/v2\/types\/product"}],"replies":[{"embeddable":true,"href":"https:\/\/maugojewelry.com\/en\/wp-json\/wp\/v2\/comments?post=7161"}],"wp:featuredmedia":[{"embeddable":true,"href":"https:\/\/maugojewelry.com\/en\/wp-json\/wp\/v2\/media\/7086"}],"wp:attachment":[{"href":"https:\/\/maugojewelry.com\/en\/wp-json\/wp\/v2\/media?parent=7161"}],"wp:term":[{"taxonomy":"product_brand","embeddable":true,"href":"https:\/\/maugojewelry.com\/en\/wp-json\/wp\/v2\/product_brand?post=7161"},{"taxonomy":"product_cat","embeddable":true,"href":"https:\/\/maugojewelry.com\/en\/wp-json\/wp\/v2\/product_cat?post=7161"},{"taxonomy":"product_tag","embeddable":true,"href":"https:\/\/maugojewelry.com\/en\/wp-json\/wp\/v2\/product_tag?post=7161"}],"curies":[{"name":"wp","href":"https:\/\/api.w.org\/{rel}","templated":true}]}}