{"id":7177,"date":"2023-09-04T11:00:08","date_gmt":"2023-09-04T11:00:08","guid":{"rendered":"https:\/\/maugojewelry.com\/?post_type=product&#038;p=7177"},"modified":"2026-01-21T01:48:56","modified_gmt":"2026-01-21T00:48:56","slug":"amber-charm-hoop","status":"publish","type":"product","link":"https:\/\/maugojewelry.com\/en\/produkt\/amber-charm-hoop\/","title":{"rendered":"Amber Charm Hoop"},"excerpt":{"rendered":"<p>Kolczyk k\u00f3\u0142ko\u00a0 z okr\u0105gl\u0105, lekko wypuk\u0142\u0105\u00a0 zawieszk\u0105 z bursztynem ba\u0142tyckim. Kolczyki s\u0105 sprzedawane jako pojedyncze egzemplarze. Je\u017celi chcesz par\u0119 prosz\u0119 dodaj drugi egzemplarz do koszyka.<\/p>\n<p>&nbsp;<\/p>\n<p>Surowiec: \u017c\u00f3\u0142te z\u0142oto 585 (14ct.)<\/p>\n<p>Kamie\u0144: bursztyn ba\u0142tycki<\/p>\n<p>Wymiary kamienia: 4mm<\/p>\n<p>&nbsp;<\/p>\n<p>*Produkt zaprojektowany i wykonany w Polsce.<\/p>\n","protected":false},"featured_media":7173,"comment_status":"closed","ping_status":"closed","template":"","meta":{"_acf_changed":false},"product_brand":[],"product_cat":[2126,2090,2112],"product_tag":[],"class_list":{"0":"post-7177","1":"product","2":"type-product","3":"status-publish","4":"has-post-thumbnail","6":"product_cat-earrings-en","7":"product_cat-bez-kategorii","8":"product_cat-solid-gold-en","10":"first","11":"instock","12":"shipping-taxable","13":"purchasable","14":"product-type-variable"},"acf":[],"aioseo_notices":[],"_links":{"self":[{"href":"https:\/\/maugojewelry.com\/en\/wp-json\/wp\/v2\/product\/7177","targetHints":{"allow":["GET"]}}],"collection":[{"href":"https:\/\/maugojewelry.com\/en\/wp-json\/wp\/v2\/product"}],"about":[{"href":"https:\/\/maugojewelry.com\/en\/wp-json\/wp\/v2\/types\/product"}],"replies":[{"embeddable":true,"href":"https:\/\/maugojewelry.com\/en\/wp-json\/wp\/v2\/comments?post=7177"}],"wp:featuredmedia":[{"embeddable":true,"href":"https:\/\/maugojewelry.com\/en\/wp-json\/wp\/v2\/media\/7173"}],"wp:attachment":[{"href":"https:\/\/maugojewelry.com\/en\/wp-json\/wp\/v2\/media?parent=7177"}],"wp:term":[{"taxonomy":"product_brand","embeddable":true,"href":"https:\/\/maugojewelry.com\/en\/wp-json\/wp\/v2\/product_brand?post=7177"},{"taxonomy":"product_cat","embeddable":true,"href":"https:\/\/maugojewelry.com\/en\/wp-json\/wp\/v2\/product_cat?post=7177"},{"taxonomy":"product_tag","embeddable":true,"href":"https:\/\/maugojewelry.com\/en\/wp-json\/wp\/v2\/product_tag?post=7177"}],"curies":[{"name":"wp","href":"https:\/\/api.w.org\/{rel}","templated":true}]}}